{"id":2668,"date":"2025-05-07T16:33:48","date_gmt":"2025-05-07T14:33:48","guid":{"rendered":"https:\/\/indoorgreenlighting.envolutions.dev\/warum-gruene-innenbeleuchtung\/"},"modified":"2025-06-25T10:06:22","modified_gmt":"2025-06-25T08:06:22","slug":"warum-gruene-innenbeleuchtung","status":"publish","type":"page","link":"https:\/\/indoorgreenlighting.com\/de\/warum-gruene-innenbeleuchtung\/","title":{"rendered":"Warum Indoor Green Lighting"},"content":{"rendered":"\n<div class=\"gb-element-802507c5\">\n<div class=\"gb-element-362b1761\">\n<h1 class=\"gb-text h1 gb-text-8936d11b\">Warum Indoor Green Lighting<\/h1>\n<\/div>\n<\/div>\n\n<div class=\"gb-element-7c8e4b37\">\n<div class=\"gb-element-9c2daffc anchor-target\" id=\"spectrum\">\n<h2 class=\"gb-text h2\">Spektrum<\/h2>\n\n\n\n<p>Nach jahrelanger intensiver wissenschaftlicher Forschung hat sie ein perfekt ausgewogenes Farbspektrum entwickelt, das den nat\u00fcrlichen Bed\u00fcrfnissen von Pflanzen und B\u00e4umen voll entspricht. Dieses sorgf\u00e4ltig abgestimmte Lichtspektrum regt die Photosynthese an, unterst\u00fctzt ein vitales, gleichm\u00e4\u00dfiges Wachstum und macht die Pflanzen sichtbar sch\u00f6ner: voller, kr\u00e4ftiger und mit einem gesunden, gl\u00e4nzenden Aussehen. <\/p>\n\n\n\n<p>Wenn sich Pflanzen gut entwickeln k\u00f6nnen und die Photosynthese t\u00e4glich in einem gesunden Gleichgewicht aktiv ist, setzen sie ein Hormon frei, das sie resistent gegen Sch\u00e4dlinge macht.  <\/p>\n\n\n\n<p>Sch\u00e4dlinge wie Mehltau, Spinnmilben, Schildl\u00e4use und Wolll\u00e4use wollen sich nicht auf einer gesunden Pflanze vermehren. Sie treten nur an ungesunden oder sehr s\u00fc\u00df bl\u00fchenden Pflanzen auf. Dank der optimalen Lichtverh\u00e4ltnisse bleiben die Pflanzen also l\u00e4nger gesund, was zu weniger Ersatzpflanzen f\u00fchrt. Dies ist eine nachhaltigere L\u00f6sung sowohl f\u00fcr private als auch f\u00fcr professionelle Umgebungen. Das Spektrum tr\u00e4gt aktiv zu einer besseren Luftreinigung bei, wodurch das Raumklima sp\u00fcrbar frischer wird.<br\/><br\/>Unsere innovative Pflanzenbeleuchtung bietet eine einzigartige Kombination aus \u00c4sthetik, Funktionalit\u00e4t und Langlebigkeit. St\u00e4rkere Pflanzen, sauberere Luft und lebendige, gl\u00e4nzende Pflanzen &#8211; alles dank der Kraft des <strong>richtigen<\/strong> Lichts. <\/p>\n<\/div>\n\n\n\n<div class=\"gb-element-85e049b5 anchor-target\" id=\"efficientie\">\n<h2 class=\"gb-text h2\">Effizienz<\/h2>\n\n\n\n<p>Das neu entwickelte Farbspektrum ist nicht nur vollst\u00e4ndig an die nat\u00fcrlichen Bed\u00fcrfnisse der Pflanzen angepasst, sondern auch hocheffizient.<br\/>Indem nur die spezifischen Lichtfrequenzen verwendet werden, die die Pflanze auch tats\u00e4chlich aufnimmt und f\u00fcr Wachstum und Photosynthese nutzt, wird jedes bisschen Energie gezielt eingesetzt. Es wird keine Energie f\u00fcr Licht verschwendet, das die Pflanze nicht braucht &#8211; ein wesentlicher Unterschied zu jeder anderen Beleuchtung. <\/p>\n\n\n\n<p>Dank dieser Pr\u00e4zision ben\u00f6tigen wir deutlich weniger Lampen, um ein sichtbar besseres Ergebnis zu erzielen. In der Regel ben\u00f6tigen wir nur 1 Lampe, w\u00e4hrend andere Anbieter 3 Lampen einsetzen. Die Pflanzen bekommen genau das, was sie brauchen. Das bedeutet: weniger Lampen und viel weniger Energieverbrauch.   <\/p>\n\n\n\n<p>Zu den Vorteilen geh\u00f6ren niedrigere Betriebskosten und eine drastische Verringerung des \u00f6kologischen Fu\u00dfabdrucks! Dabei bleiben auch die Pflanzen ges\u00fcnder, sch\u00f6ner und vitaler. Unser Spektrum ist also nicht nur eine technologische Innovation, sondern eine zukunftsorientierte Gesamtl\u00f6sung f\u00fcr nachhaltige und effiziente Pflanzenbeleuchtung!  <\/p>\n<\/div>\n\n\n\n<div class=\"gb-element-efdb4b8a anchor-target\" id=\"breeam-en-well\">\n<h2 class=\"gb-text h2\">BREEAM und WELL<\/h2>\n\n\n\n<p>Bei vielen gro\u00dfen Bepflanzungsprojekten &#8211; man denke an Atrien, gro\u00dfe gr\u00fcne W\u00e4nde und innerst\u00e4dtische Begr\u00fcnung &#8211; sto\u00dfen Planer und Entwickler auf ein bekanntes Problem: Die Beleuchtung, mit der die Pflanzen am Leben erhalten werden sollen, verbraucht oft zu viel Energie, um die strengen WELL- und BREEAM-Richtlinien einzuhalten. Infolgedessen werden gr\u00fcne Projekte trotz ihres Mehrwerts f\u00fcr das Wohlbefinden, die Luftqualit\u00e4t und die biologische Vielfalt zur\u00fcckgefahren oder sogar ganz gestrichen. <\/p>\n\n\n\n<p>Unsere Pflanzenbeleuchtung bietet daf\u00fcr eine bauliche L\u00f6sung. Dank des hocheffizienten Farbspektrums, das zu 100 % von der Pflanze absorbiert wird, wird deutlich weniger Energie ben\u00f6tigt, um noch bessere Ergebnisse zu erzielen. Weniger Lampen, weniger Strom und ges\u00fcndere, kr\u00e4ftigere und strahlendere Pflanzen.<br\/>der herk\u00f6mmlichen sogenannten Pflanzenbeleuchtung auf dem Markt werden nur 20-30% des Lichts von der Pflanze genutzt. Das ist also ein Energieverlust von 70-80%!<br\/>Wir ersetzen regelm\u00e4\u00dfig <strong>drei Lampen f\u00fcr eine unserer Lampen!<\/strong>   <br\/><br\/>Unsere Beleuchtung erm\u00f6glicht gro\u00dffl\u00e4chige gr\u00fcne Anwendungen in BREEAM-zertifizierten Geb\u00e4uden, ohne Kompromisse bei Nachhaltigkeit oder Design einzugehen. So ist es m\u00f6glich, Natur und Architektur wirklich miteinander zu verbinden, selbst innerhalb der strengsten Nachhaltigkeitsrahmen. <\/p>\n<\/div>\n\n\n\n<div class=\"gb-element-4980b7ef anchor-target\" id=\"alle-soorten-projecten\">\n<h2 class=\"gb-text h2\">F\u00fcr alle Projekten<\/h2>\n\n\n\n<p>Ob eine tropische Pflanzenwand im Schwimmbad, ein attraktiver Indoor-Garten im Einkaufszentrum, ein gr\u00fcner Akzent im B\u00fcro oder ein kompaktes Pflanzenarrangement im Wohnzimmer &#8211; wir bieten f\u00fcr jedes Begr\u00fcnungsprojekt die passende Lichtl\u00f6sung.<\/p>\n\n\n\n<p>Dank unseres breiten Spektrums an Leuchten und unserer fundierten Kenntnisse der Pflanzenbeleuchtung k\u00f6nnen wir ma\u00dfgeschneiderte L\u00f6sungen f\u00fcr jede Situation anbieten. Wir haben umfangreiche Erfahrung mit einer <strong>Vielzahl von Projekten<\/strong>, von kleinen privaten Anwendungen bis hin zu komplexen Gro\u00dfanlagen in \u00f6ffentlichen und gewerblichen R\u00e4umen. Oft arbeiten wir mit Architekten, Innenarchitekten und Installateuren zusammen, um eine L\u00f6sung zu finden, die nicht nur funktional, sondern auch \u00e4sthetisch perfekt ist.  <\/p>\n\n\n\n<p>Unsere St\u00e4rke liegt in der Flexibilit\u00e4t und Kompetenz: Dank unserer vielen Modelle, Leuchtdichten und Montagem\u00f6glichkeiten k\u00f6nnen wir fast immer eine passende L\u00f6sung anbieten &#8211; auch dort, wo Lichttechnik und Architektur nahtlos ineinander \u00fcbergehen sollen.<\/p>\n\n\n\n<p>Mit unserer Beleuchtung kommt das Gr\u00fcn \u00fcberall zur Geltung &#8211; nachhaltig, effizient und stilvoll.<\/p>\n<\/div>\n<\/div>\n","protected":false},"excerpt":{"rendered":"<p>Warum Indoor Green Lighting Spektrum Nach jahrelanger intensiver wissenschaftlicher Forschung hat sie ein perfekt ausgewogenes Farbspektrum entwickelt, das den nat\u00fcrlichen Bed\u00fcrfnissen von Pflanzen und B\u00e4umen voll entspricht. Dieses sorgf\u00e4ltig abgestimmte Lichtspektrum regt die Photosynthese an, unterst\u00fctzt ein vitales, gleichm\u00e4\u00dfiges Wachstum und macht die Pflanzen sichtbar sch\u00f6ner: voller, kr\u00e4ftiger und mit einem gesunden, gl\u00e4nzenden Aussehen. Wenn &#8230; <a title=\"Warum Indoor Green Lighting\" class=\"read-more\" href=\"https:\/\/indoorgreenlighting.com\/de\/warum-gruene-innenbeleuchtung\/\" aria-label=\"Mehr Informationen \u00fcber Warum Indoor Green Lighting\">Weiterlesen<\/a><\/p>\n","protected":false},"author":1,"featured_media":0,"parent":0,"menu_order":0,"comment_status":"closed","ping_status":"closed","template":"","meta":{"_acf_changed":false,"footnotes":""},"class_list":["post-2668","page","type-page","status-publish"],"acf":[],"_links":{"self":[{"href":"https:\/\/indoorgreenlighting.com\/de\/wp-json\/wp\/v2\/pages\/2668","targetHints":{"allow":["GET"]}}],"collection":[{"href":"https:\/\/indoorgreenlighting.com\/de\/wp-json\/wp\/v2\/pages"}],"about":[{"href":"https:\/\/indoorgreenlighting.com\/de\/wp-json\/wp\/v2\/types\/page"}],"author":[{"embeddable":true,"href":"https:\/\/indoorgreenlighting.com\/de\/wp-json\/wp\/v2\/users\/1"}],"replies":[{"embeddable":true,"href":"https:\/\/indoorgreenlighting.com\/de\/wp-json\/wp\/v2\/comments?post=2668"}],"version-history":[{"count":6,"href":"https:\/\/indoorgreenlighting.com\/de\/wp-json\/wp\/v2\/pages\/2668\/revisions"}],"predecessor-version":[{"id":3464,"href":"https:\/\/indoorgreenlighting.com\/de\/wp-json\/wp\/v2\/pages\/2668\/revisions\/3464"}],"wp:attachment":[{"href":"https:\/\/indoorgreenlighting.com\/de\/wp-json\/wp\/v2\/media?parent=2668"}],"curies":[{"name":"wp","href":"https:\/\/api.w.org\/{rel}","templated":true}]}}