{"id":2666,"date":"2025-05-06T13:54:41","date_gmt":"2025-05-06T11:54:41","guid":{"rendered":"https:\/\/indoorgreenlighting.envolutions.dev\/erklaerung-zum-datenschutz\/"},"modified":"2025-06-24T13:07:56","modified_gmt":"2025-06-24T11:07:56","slug":"erklaerung-zum-datenschutz","status":"publish","type":"page","link":"https:\/\/indoorgreenlighting.com\/de\/erklaerung-zum-datenschutz\/","title":{"rendered":"Erkl\u00e4rung zum Datenschutz"},"content":{"rendered":"\n<div class=\"gb-element-802507c5\">\n<div class=\"gb-element-362b1761\">\n<h1 class=\"gb-text h1 gb-text-8936d11b\">Erkl\u00e4rung zum Datenschutz<\/h1>\n<\/div>\n<\/div>\n\n<div class=\"gb-element-7c8e4b37\">\n<div class=\"gb-element-9c2daffc\">\n<p class=\"gb-text gb-text-40d087dc\">Wir sind uns bewusst, dass Sie uns Ihr Vertrauen schenken. Wir sehen es daher als unsere Verantwortung an, Ihre Privatsph\u00e4re zu sch\u00fctzen. Auf dieser Seite erfahren Sie, welche Daten wir sammeln, wenn Sie unsere Website nutzen, warum wir diese Daten sammeln und wie wir sie verwenden, um Ihre Nutzererfahrung zu verbessern. Dies wird Ihnen helfen, genau zu verstehen, wie wir arbeiten.   <\/p>\n\n\n\n<p class=\"gb-text gb-text-16f944dd\">Diese Datenschutzerkl\u00e4rung gilt f\u00fcr die Dienste von Indoor Green Lighting . Sie sollten sich bewusst sein, dass Indoor Green Lighting nicht f\u00fcr die Datenschutzerkl\u00e4rungen anderer Websites und Quellen verantwortlich ist. Durch die Nutzung dieser Website erkl\u00e4ren Sie Ihr Einverst\u00e4ndnis mit der Datenschutzpolitik.  <\/p>\n\n\n\n<p class=\"gb-text gb-text-fce9c63c\">Indoor Green Lighting respektiert die Privatsph\u00e4re aller Nutzer seiner Website und sorgt daf\u00fcr, dass die pers\u00f6nlichen Informationen, die Sie uns zur Verf\u00fcgung stellen, vertraulich behandelt werden.<\/p>\n\n\n\n<p class=\"gb-text p-big gb-text-df2efb7c\">Unsere Verwendung der gesammelten Daten<\/p>\n\n\n\n<p class=\"gb-text p-big gb-text-0a100493\">Inanspruchnahme unserer Dienstleistungen<\/p>\n\n\n\n<p class=\"gb-text gb-text-64bb593e\">Wenn Sie sich f\u00fcr einen unserer Dienste anmelden, bitten wir Sie um die Angabe von pers\u00f6nlichen oder Unternehmensdaten. Diese Daten werden verwendet, um die Dienstleistung zu erbringen. Die Daten werden auf den eigenen sicheren Servern von Indoor Green Lighting oder denen eines Dritten gespeichert. Wir werden diese Daten nicht mit anderen uns zur Verf\u00fcgung stehenden pers\u00f6nlichen Daten kombinieren.   <\/p>\n\n\n\n<p class=\"gb-text p-big gb-text-798b75fd\">Kommunikation<\/p>\n\n\n\n<p class=\"gb-text gb-text-1eb86a2c\">Wenn Sie uns E-Mails oder andere Nachrichten schicken, k\u00f6nnen wir diese Nachrichten aufbewahren. Manchmal werden wir Sie um Ihre pers\u00f6nlichen Daten bitten, die f\u00fcr die jeweilige Situation relevant sind. Dies erm\u00f6glicht es uns, Ihre Fragen zu bearbeiten und Ihre Anfragen zu beantworten. Die Daten werden auf den eigenen sicheren Servern von Indoor Green Lighting oder auf denen eines Dritten gespeichert. Wir werden diese Daten nicht mit anderen uns zur Verf\u00fcgung stehenden pers\u00f6nlichen Daten kombinieren.    <\/p>\n\n\n\n<p class=\"gb-text p-big gb-text-20fd28cf\">Cookies<\/p>\n\n\n\n<p class=\"gb-text gb-text-50b9bf27\">Wir sammeln Daten zu Forschungszwecken, um unsere Kunden besser zu verstehen, damit wir unsere Dienstleistungen entsprechend anpassen k\u00f6nnen.<\/p>\n\n\n\n<p class=\"gb-text gb-text-8c4206fd\">Diese Website verwendet &#8222;Cookies&#8220; (Textdateien, die auf Ihrem Computer gespeichert werden), um zu analysieren, wie die Benutzer die Website nutzen. Die durch den Cookie erzeugten Informationen \u00fcber Ihre Nutzung der Website k\u00f6nnen an die eigenen sicheren Server von Indoor Green Lighting oder an die eines Dritten \u00fcbertragen werden. Wir verwenden diese Informationen, um zu verfolgen, wie Sie die Website nutzen, um Berichte \u00fcber die Website-Aktivit\u00e4ten zu erstellen und um andere Dienstleistungen in Bezug auf die Website-Aktivit\u00e4ten und die Internetnutzung anzubieten.  <\/p>\n\n\n\n<p class=\"gb-text p-big gb-text-08cbb302\">Verwendungszwecke<\/p>\n\n\n\n<p class=\"gb-text gb-text-ec9a8f3c\">Wir sammeln oder verwenden keine Informationen f\u00fcr andere als die in dieser Datenschutzerkl\u00e4rung beschriebenen Zwecke, es sei denn, wir haben Ihre vorherige Zustimmung eingeholt.<\/p>\n\n\n\n<p class=\"gb-text p-big gb-text-9f1b8a7d\">Dritte Parteien<\/p>\n\n\n\n<p class=\"gb-text gb-text-d0446e51\">Die Informationen werden nicht an Dritte weitergegeben. In einigen F\u00e4llen k\u00f6nnen die Informationen intern weitergegeben werden. Unsere Mitarbeiter sind verpflichtet, die Vertraulichkeit Ihrer Daten zu wahren.  <\/p>\n\n\n\n<p class=\"gb-text p-big gb-text-327b54c5\">\u00c4nderungen<\/p>\n\n\n\n<p class=\"gb-text gb-text-27e483a1\">Dieser Datenschutzhinweis ist auf die Nutzung und die Funktionen dieser Website zugeschnitten. Jegliche Anpassungen und\/oder \u00c4nderungen an dieser Website k\u00f6nnen zu \u00c4nderungen an dieser Datenschutzerkl\u00e4rung f\u00fchren. Es ist daher ratsam, diese Datenschutzerkl\u00e4rung regelm\u00e4\u00dfig zu lesen.  <\/p>\n\n\n\n<p class=\"gb-text p-big gb-text-35c2b349\">Cookies deaktivieren<\/p>\n\n\n\n<p class=\"gb-text gb-text-5c637fb8\">Die meisten Browser sind so eingestellt, dass sie Cookies standardm\u00e4\u00dfig akzeptieren, aber Sie k\u00f6nnen Ihren Browser so einstellen, dass er alle Cookies ablehnt oder anzeigt, wenn ein Cookie gesendet wird. Einige Funktionen und Dienste auf unserer und anderen Websites funktionieren jedoch m\u00f6glicherweise nicht richtig, wenn Cookies in Ihrem Browser deaktiviert sind. <\/p>\n<\/div>\n<\/div>\n","protected":false},"excerpt":{"rendered":"<p>Erkl\u00e4rung zum Datenschutz Wir sind uns bewusst, dass Sie uns Ihr Vertrauen schenken. Wir sehen es daher als unsere Verantwortung an, Ihre Privatsph\u00e4re zu sch\u00fctzen. Auf dieser Seite erfahren Sie, welche Daten wir sammeln, wenn Sie unsere Website nutzen, warum wir diese Daten sammeln und wie wir sie verwenden, um Ihre Nutzererfahrung zu verbessern. Dies &#8230; <a title=\"Erkl\u00e4rung zum Datenschutz\" class=\"read-more\" href=\"https:\/\/indoorgreenlighting.com\/de\/erklaerung-zum-datenschutz\/\" aria-label=\"Mehr Informationen \u00fcber Erkl\u00e4rung zum Datenschutz\">Weiterlesen<\/a><\/p>\n","protected":false},"author":1,"featured_media":0,"parent":0,"menu_order":0,"comment_status":"closed","ping_status":"closed","template":"","meta":{"_acf_changed":false,"footnotes":""},"class_list":["post-2666","page","type-page","status-publish"],"acf":[],"_links":{"self":[{"href":"https:\/\/indoorgreenlighting.com\/de\/wp-json\/wp\/v2\/pages\/2666","targetHints":{"allow":["GET"]}}],"collection":[{"href":"https:\/\/indoorgreenlighting.com\/de\/wp-json\/wp\/v2\/pages"}],"about":[{"href":"https:\/\/indoorgreenlighting.com\/de\/wp-json\/wp\/v2\/types\/page"}],"author":[{"embeddable":true,"href":"https:\/\/indoorgreenlighting.com\/de\/wp-json\/wp\/v2\/users\/1"}],"replies":[{"embeddable":true,"href":"https:\/\/indoorgreenlighting.com\/de\/wp-json\/wp\/v2\/comments?post=2666"}],"version-history":[{"count":2,"href":"https:\/\/indoorgreenlighting.com\/de\/wp-json\/wp\/v2\/pages\/2666\/revisions"}],"predecessor-version":[{"id":3029,"href":"https:\/\/indoorgreenlighting.com\/de\/wp-json\/wp\/v2\/pages\/2666\/revisions\/3029"}],"wp:attachment":[{"href":"https:\/\/indoorgreenlighting.com\/de\/wp-json\/wp\/v2\/media?parent=2666"}],"curies":[{"name":"wp","href":"https:\/\/api.w.org\/{rel}","templated":true}]}}