{"id":2664,"date":"2025-04-23T11:18:52","date_gmt":"2025-04-23T09:18:52","guid":{"rendered":"https:\/\/indoorgreenlighting.envolutions.dev\/projekte\/"},"modified":"2025-06-24T13:08:24","modified_gmt":"2025-06-24T11:08:24","slug":"projekte","status":"publish","type":"page","link":"https:\/\/indoorgreenlighting.com\/de\/projekte\/","title":{"rendered":"Projekte"},"content":{"rendered":"\n<div class=\"gb-element-802507c5\">\n<div class=\"gb-element-362b1761\">\n<h1 class=\"gb-text h1 gb-text-8936d11b\">Unsere Projekte<\/h1>\n<\/div>\n<\/div>\n\n\n\n<div class=\"gb-element-a3d1e2ce\">\n<div class=\"gb-element-2774c06d\">\n<p class=\"gb-text gb-text-1ed11067\">Nachfolgend finden Sie einige Beispiele f\u00fcr die verschiedenen Projekte, f\u00fcr die wir Beleuchtungsl\u00f6sungen geliefert haben. Wie Sie sehen k\u00f6nnen, haben wir Erfahrung mit allen Arten von Projekten. Von Ausstellungsr\u00e4umen bis zu tropischen Schwimmb\u00e4dern und von Gro\u00dfraumb\u00fcros bis zu Einkaufszentren.  <\/p>\n\n\n\n<div><div class=\"gb-looper-209d03f3 masonry-grid\">\n<a class=\"gb-loop-item gb-loop-item-7f06bb2f post-3863 portfolio type-portfolio status-publish has-post-thumbnail hentry\" href=\"https:\/\/indoorgreenlighting.com\/de\/projekte\/baumbeleuchtungsprojekt-in-trondheim\/\">\n<div class=\"gb-element-00cbfffa hover-zoom\" style=\"--inline-bg-image: url(https:\/\/indoorgreenlighting.com\/wp-content\/uploads\/2026\/01\/PHOTO-2025-09-30-14-15-00_1.jpg)\"><\/div>\n\n\n\n<div class=\"gb-element-330cbf43 bg-blur\">\n<p class=\"gb-text p-big gb-text-35668644\">Baumbeleuchtungsprojekt in Trondheim<\/p>\n\n\n<\/div>\n<\/a>\n\n<a class=\"gb-loop-item gb-loop-item-7f06bb2f post-3883 portfolio type-portfolio status-publish has-post-thumbnail hentry\" href=\"https:\/\/indoorgreenlighting.com\/de\/projekte\/wohnzentrum-alexandrium-in-rotterdam\/\">\n<div class=\"gb-element-00cbfffa hover-zoom\" style=\"--inline-bg-image: url(https:\/\/indoorgreenlighting.com\/wp-content\/uploads\/2026\/01\/IMG_1005.jpeg)\"><\/div>\n\n\n\n<div class=\"gb-element-330cbf43 bg-blur\">\n<p class=\"gb-text p-big gb-text-35668644\">Wohnzentrum Alexandrium in Rotterdam<\/p>\n\n\n<\/div>\n<\/a>\n\n<a class=\"gb-loop-item gb-loop-item-7f06bb2f post-3247 portfolio type-portfolio status-publish has-post-thumbnail hentry\" href=\"https:\/\/indoorgreenlighting.com\/de\/projekte\/das-tal\/\">\n<div class=\"gb-element-00cbfffa hover-zoom\" style=\"--inline-bg-image: url(https:\/\/indoorgreenlighting.com\/wp-content\/uploads\/2025\/05\/IMG_6376.jpg)\"><\/div>\n\n\n\n<div class=\"gb-element-330cbf43 bg-blur\">\n<p class=\"gb-text p-big gb-text-35668644\">The Valley<\/p>\n\n\n<\/div>\n<\/a>\n\n<a class=\"gb-loop-item gb-loop-item-7f06bb2f post-3315 portfolio type-portfolio status-publish has-post-thumbnail hentry\" href=\"https:\/\/indoorgreenlighting.com\/de\/projekte\/cultura-ede\/\">\n<div class=\"gb-element-00cbfffa hover-zoom\" style=\"--inline-bg-image: url(https:\/\/indoorgreenlighting.com\/wp-content\/uploads\/2025\/05\/1743666949838.jpg)\"><\/div>\n\n\n\n<div class=\"gb-element-330cbf43 bg-blur\">\n<p class=\"gb-text p-big gb-text-35668644\">Cultura Ede<\/p>\n\n\n<\/div>\n<\/a>\n\n<a class=\"gb-loop-item gb-loop-item-7f06bb2f post-3298 portfolio type-portfolio status-publish has-post-thumbnail hentry\" href=\"https:\/\/indoorgreenlighting.com\/de\/projekte\/hotel-jakarta-amsterdam\/\">\n<div class=\"gb-element-00cbfffa hover-zoom\" style=\"--inline-bg-image: url(https:\/\/indoorgreenlighting.com\/wp-content\/uploads\/2025\/05\/IMG_6574.jpeg)\"><\/div>\n\n\n\n<div class=\"gb-element-330cbf43 bg-blur\">\n<p class=\"gb-text p-big gb-text-35668644\">Hotel Jakarta Amsterdam<\/p>\n\n\n<\/div>\n<\/a>\n\n<a class=\"gb-loop-item gb-loop-item-7f06bb2f post-3300 portfolio type-portfolio status-publish has-post-thumbnail hentry\" href=\"https:\/\/indoorgreenlighting.com\/de\/projekte\/wand-6-x-20-meter\/\">\n<div class=\"gb-element-00cbfffa hover-zoom\" style=\"--inline-bg-image: url(https:\/\/indoorgreenlighting.com\/wp-content\/uploads\/2025\/05\/PHOTO-2025-01-23-19-05-37.jpg)\"><\/div>\n\n\n\n<div class=\"gb-element-330cbf43 bg-blur\">\n<p class=\"gb-text p-big gb-text-35668644\">Wand 6 x 20 Meter<\/p>\n\n\n<\/div>\n<\/a>\n\n<a class=\"gb-loop-item gb-loop-item-7f06bb2f post-3297 portfolio type-portfolio status-publish has-post-thumbnail hentry\" href=\"https:\/\/indoorgreenlighting.com\/de\/projekte\/unistone\/\">\n<div class=\"gb-element-00cbfffa hover-zoom\" style=\"--inline-bg-image: url(https:\/\/indoorgreenlighting.com\/wp-content\/uploads\/2025\/05\/IMG_3109-scaled.jpg)\"><\/div>\n\n\n\n<div class=\"gb-element-330cbf43 bg-blur\">\n<p class=\"gb-text p-big gb-text-35668644\">Unistone<\/p>\n\n\n<\/div>\n<\/a>\n\n<a class=\"gb-loop-item gb-loop-item-7f06bb2f post-3301 portfolio type-portfolio status-publish has-post-thumbnail hentry\" href=\"https:\/\/indoorgreenlighting.com\/de\/projekte\/strawinsky-haus-amsterdam\/\">\n<div class=\"gb-element-00cbfffa hover-zoom\" style=\"--inline-bg-image: url(https:\/\/indoorgreenlighting.com\/wp-content\/uploads\/2025\/05\/IMG_3947-scaled.jpg)\"><\/div>\n\n\n\n<div class=\"gb-element-330cbf43 bg-blur\">\n<p class=\"gb-text p-big gb-text-35668644\">Strawinsky Haus Amsterdam<\/p>\n\n\n<\/div>\n<\/a>\n\n<a class=\"gb-loop-item gb-loop-item-7f06bb2f post-3302 portfolio type-portfolio status-publish has-post-thumbnail hentry\" href=\"https:\/\/indoorgreenlighting.com\/de\/projekte\/radboud-krankenhaus-nijmegen\/\">\n<div class=\"gb-element-00cbfffa hover-zoom\" style=\"--inline-bg-image: url(https:\/\/indoorgreenlighting.com\/wp-content\/uploads\/2025\/05\/IMG_2566-scaled.jpg)\"><\/div>\n\n\n\n<div class=\"gb-element-330cbf43 bg-blur\">\n<p class=\"gb-text p-big gb-text-35668644\">Radboud Krankenhaus Nijmegen<\/p>\n\n\n<\/div>\n<\/a>\n\n<a class=\"gb-loop-item gb-loop-item-7f06bb2f post-3318 portfolio type-portfolio status-publish has-post-thumbnail hentry\" href=\"https:\/\/indoorgreenlighting.com\/de\/projekte\/nba\/\">\n<div class=\"gb-element-00cbfffa hover-zoom\" style=\"--inline-bg-image: url(https:\/\/indoorgreenlighting.com\/wp-content\/uploads\/2025\/05\/image00043-scaled.jpeg)\"><\/div>\n\n\n\n<div class=\"gb-element-330cbf43 bg-blur\">\n<p class=\"gb-text p-big gb-text-35668644\">NBA<\/p>\n\n\n<\/div>\n<\/a>\n\n<a class=\"gb-loop-item gb-loop-item-7f06bb2f post-3314 portfolio type-portfolio status-publish has-post-thumbnail hentry\" href=\"https:\/\/indoorgreenlighting.com\/de\/projekte\/center-parcs-hochsauerland\/\">\n<div class=\"gb-element-00cbfffa hover-zoom\" style=\"--inline-bg-image: url(https:\/\/indoorgreenlighting.com\/wp-content\/uploads\/2025\/05\/PHOTO-2024-09-10-16-30-26.jpg)\"><\/div>\n\n\n\n<div class=\"gb-element-330cbf43 bg-blur\">\n<p class=\"gb-text p-big gb-text-35668644\">Center Parcs Hochsauerland<\/p>\n\n\n<\/div>\n<\/a>\n\n<a class=\"gb-loop-item gb-loop-item-7f06bb2f post-3317 portfolio type-portfolio status-publish has-post-thumbnail hentry\" href=\"https:\/\/indoorgreenlighting.com\/de\/projekte\/center-parcs-eiffel\/\">\n<div class=\"gb-element-00cbfffa hover-zoom\" style=\"--inline-bg-image: url(https:\/\/indoorgreenlighting.com\/wp-content\/uploads\/2025\/05\/IMG20230829132723-scaled.jpg)\"><\/div>\n\n\n\n<div class=\"gb-element-330cbf43 bg-blur\">\n<p class=\"gb-text p-big gb-text-35668644\">Center Parcs Eiffel<\/p>\n\n\n<\/div>\n<\/a>\n\n<a class=\"gb-loop-item gb-loop-item-7f06bb2f post-3319 portfolio type-portfolio status-publish has-post-thumbnail hentry\" href=\"https:\/\/indoorgreenlighting.com\/de\/projekte\/center-parcs-bispingerheide\/\">\n<div class=\"gb-element-00cbfffa hover-zoom\" style=\"--inline-bg-image: url(https:\/\/indoorgreenlighting.com\/wp-content\/uploads\/2025\/05\/PHOTO-2024-06-12-09-08-56.jpg)\"><\/div>\n\n\n\n<div class=\"gb-element-330cbf43 bg-blur\">\n<p class=\"gb-text p-big gb-text-35668644\">Center Parcs Bispingerheide<\/p>\n\n\n<\/div>\n<\/a>\n\n<a class=\"gb-loop-item gb-loop-item-7f06bb2f post-3309 portfolio type-portfolio status-publish has-post-thumbnail hentry\" href=\"https:\/\/indoorgreenlighting.com\/de\/projekte\/blom\/\">\n<div class=\"gb-element-00cbfffa hover-zoom\" style=\"--inline-bg-image: url(https:\/\/indoorgreenlighting.com\/wp-content\/uploads\/2025\/05\/IMG_3777-scaled.jpg)\"><\/div>\n\n\n\n<div class=\"gb-element-330cbf43 bg-blur\">\n<p class=\"gb-text p-big gb-text-35668644\">Blom<\/p>\n\n\n<\/div>\n<\/a>\n\n<a class=\"gb-loop-item gb-loop-item-7f06bb2f post-3306 portfolio type-portfolio status-publish has-post-thumbnail hentry\" href=\"https:\/\/indoorgreenlighting.com\/de\/projekte\/5-meter-wand\/\">\n<div class=\"gb-element-00cbfffa hover-zoom\" style=\"--inline-bg-image: url(https:\/\/indoorgreenlighting.com\/wp-content\/uploads\/2025\/05\/5-meter-wall.png)\"><\/div>\n\n\n\n<div class=\"gb-element-330cbf43 bg-blur\">\n<p class=\"gb-text p-big gb-text-35668644\">5-Meter-Wand<\/p>\n\n\n<\/div>\n<\/a>\n\n<a class=\"gb-loop-item gb-loop-item-7f06bb2f post-3307 portfolio type-portfolio status-publish has-post-thumbnail hentry\" href=\"https:\/\/indoorgreenlighting.com\/de\/projekte\/aveve-kaprosen\/\">\n<div class=\"gb-element-00cbfffa hover-zoom\" style=\"--inline-bg-image: url(https:\/\/indoorgreenlighting.com\/wp-content\/uploads\/2025\/05\/IMG_1815.jpg)\"><\/div>\n\n\n\n<div class=\"gb-element-330cbf43 bg-blur\">\n<p class=\"gb-text p-big gb-text-35668644\">AVEVE Kaprosen<\/p>\n\n\n<\/div>\n<\/a>\n\n<a class=\"gb-loop-item gb-loop-item-7f06bb2f post-3325 portfolio type-portfolio status-publish has-post-thumbnail hentry\" href=\"https:\/\/indoorgreenlighting.com\/de\/projekte\/ambius-duiven\/\">\n<div class=\"gb-element-00cbfffa hover-zoom\" style=\"--inline-bg-image: url(https:\/\/indoorgreenlighting.com\/wp-content\/uploads\/2025\/05\/IMG_4653.jpg)\"><\/div>\n\n\n\n<div class=\"gb-element-330cbf43 bg-blur\">\n<p class=\"gb-text p-big gb-text-35668644\">Ambius Duiven<\/p>\n\n\n<\/div>\n<\/a>\n\n<a class=\"gb-loop-item gb-loop-item-7f06bb2f post-3327 portfolio type-portfolio status-publish has-post-thumbnail hentry\" href=\"https:\/\/indoorgreenlighting.com\/de\/projekte\/10-meter-wand\/\">\n<div class=\"gb-element-00cbfffa hover-zoom\" style=\"--inline-bg-image: url(https:\/\/indoorgreenlighting.com\/wp-content\/uploads\/2025\/05\/IMG_3642-scaled.jpg)\"><\/div>\n\n\n\n<div class=\"gb-element-330cbf43 bg-blur\">\n<p class=\"gb-text p-big gb-text-35668644\">10-Meter-Wand<\/p>\n\n\n<\/div>\n<\/a>\n\n<a class=\"gb-loop-item gb-loop-item-7f06bb2f post-3328 portfolio type-portfolio status-publish has-post-thumbnail hentry\" href=\"https:\/\/indoorgreenlighting.com\/de\/projekte\/lichtenbeek-arnheim\/\">\n<div class=\"gb-element-00cbfffa hover-zoom\" style=\"--inline-bg-image: url(https:\/\/indoorgreenlighting.com\/wp-content\/uploads\/2025\/05\/IMG_7055-scaled.jpeg)\"><\/div>\n\n\n\n<div class=\"gb-element-330cbf43 bg-blur\">\n<p class=\"gb-text p-big gb-text-35668644\">Lichtenbeek Arnheim<\/p>\n\n\n<\/div>\n<\/a>\n\n<a class=\"gb-loop-item gb-loop-item-7f06bb2f post-3329 portfolio type-portfolio status-publish has-post-thumbnail hentry\" href=\"https:\/\/indoorgreenlighting.com\/de\/projekte\/center-parcs-het-meerdal\/\">\n<div class=\"gb-element-00cbfffa hover-zoom\" style=\"--inline-bg-image: url(https:\/\/indoorgreenlighting.com\/wp-content\/uploads\/2025\/05\/center-parcs-meerdal-Hoofdfoto-1.jpg)\"><\/div>\n\n\n\n<div class=\"gb-element-330cbf43 bg-blur\">\n<p class=\"gb-text p-big gb-text-35668644\">Center Parcs Het Meerdal<\/p>\n\n\n<\/div>\n<\/a>\n\n<a class=\"gb-loop-item gb-loop-item-7f06bb2f post-3333 portfolio type-portfolio status-publish has-post-thumbnail hentry\" href=\"https:\/\/indoorgreenlighting.com\/de\/projekte\/bvo-bodenbelag-breda\/\">\n<div class=\"gb-element-00cbfffa hover-zoom\" style=\"--inline-bg-image: url(https:\/\/indoorgreenlighting.com\/wp-content\/uploads\/2025\/05\/bvo-vloeren-breda-Hoofdfoto.jpg)\"><\/div>\n\n\n\n<div class=\"gb-element-330cbf43 bg-blur\">\n<p class=\"gb-text p-big gb-text-35668644\">BVO Bodenbelag Breda<\/p>\n\n\n<\/div>\n<\/a>\n\n<a class=\"gb-loop-item gb-loop-item-7f06bb2f post-3334 portfolio type-portfolio status-publish has-post-thumbnail hentry\" href=\"https:\/\/indoorgreenlighting.com\/de\/projekte\/center-parcs-zandvoort\/\">\n<div class=\"gb-element-00cbfffa hover-zoom\" style=\"--inline-bg-image: url(https:\/\/indoorgreenlighting.com\/wp-content\/uploads\/2025\/05\/center-parcs-zandvoort-Hoofdfoto.jpg)\"><\/div>\n\n\n\n<div class=\"gb-element-330cbf43 bg-blur\">\n<p class=\"gb-text p-big gb-text-35668644\">Center Parcs Zandvoort<\/p>\n\n\n<\/div>\n<\/a>\n\n<a class=\"gb-loop-item gb-loop-item-7f06bb2f post-3331 portfolio type-portfolio status-publish has-post-thumbnail hentry\" href=\"https:\/\/indoorgreenlighting.com\/de\/projekte\/bxt-london\/\">\n<div class=\"gb-element-00cbfffa hover-zoom\" style=\"--inline-bg-image: url(https:\/\/indoorgreenlighting.com\/wp-content\/uploads\/2025\/05\/bxt-londen-Hoofdfoto.jpg)\"><\/div>\n\n\n\n<div class=\"gb-element-330cbf43 bg-blur\">\n<p class=\"gb-text p-big gb-text-35668644\">BXT London<\/p>\n\n\n<\/div>\n<\/a>\n\n<a class=\"gb-loop-item gb-loop-item-7f06bb2f post-3341 portfolio type-portfolio status-publish has-post-thumbnail hentry\" href=\"https:\/\/indoorgreenlighting.com\/de\/projekte\/euro-disney-dorf-natur\/\">\n<div class=\"gb-element-00cbfffa hover-zoom\" style=\"--inline-bg-image: url(https:\/\/indoorgreenlighting.com\/wp-content\/uploads\/2025\/05\/village-nature-Hoofdfoto.jpg)\"><\/div>\n\n\n\n<div class=\"gb-element-330cbf43 bg-blur\">\n<p class=\"gb-text p-big gb-text-35668644\">Euro Disney, Dorf Natur<\/p>\n\n\n<\/div>\n<\/a>\n\n<a class=\"gb-loop-item gb-loop-item-7f06bb2f post-3336 portfolio type-portfolio status-publish has-post-thumbnail hentry\" href=\"https:\/\/indoorgreenlighting.com\/de\/projekte\/terhills-resort\/\">\n<div class=\"gb-element-00cbfffa hover-zoom\" style=\"--inline-bg-image: url(https:\/\/indoorgreenlighting.com\/wp-content\/uploads\/2025\/05\/terhils-resort-Hoofdfoto.jpg)\"><\/div>\n\n\n\n<div class=\"gb-element-330cbf43 bg-blur\">\n<p class=\"gb-text p-big gb-text-35668644\">Terhills Resort<\/p>\n\n\n<\/div>\n<\/a>\n\n<a class=\"gb-loop-item gb-loop-item-7f06bb2f post-3339 portfolio type-portfolio status-publish has-post-thumbnail hentry\" href=\"https:\/\/indoorgreenlighting.com\/de\/projekte\/planon-nijmegen\/\">\n<div class=\"gb-element-00cbfffa hover-zoom\" style=\"--inline-bg-image: url(https:\/\/indoorgreenlighting.com\/wp-content\/uploads\/2025\/05\/planon-nijmegen-Hoofdfoto.jpg)\"><\/div>\n\n\n\n<div class=\"gb-element-330cbf43 bg-blur\">\n<p class=\"gb-text p-big gb-text-35668644\">Planon Nijmegen<\/p>\n\n\n<\/div>\n<\/a>\n\n<a class=\"gb-loop-item gb-loop-item-7f06bb2f post-3344 portfolio type-portfolio status-publish has-post-thumbnail hentry\" href=\"https:\/\/indoorgreenlighting.com\/de\/projekte\/euro-disney-pierre-vacances\/\">\n<div class=\"gb-element-00cbfffa hover-zoom\" style=\"--inline-bg-image: url(https:\/\/indoorgreenlighting.com\/wp-content\/uploads\/2025\/05\/center-parcs-vacances.jpg)\"><\/div>\n\n\n\n<div class=\"gb-element-330cbf43 bg-blur\">\n<p class=\"gb-text p-big gb-text-35668644\">Euro Disney, Pierre &amp; Vacances<\/p>\n\n\n<\/div>\n<\/a>\n\n<a class=\"gb-loop-item gb-loop-item-7f06bb2f post-3346 portfolio type-portfolio status-publish has-post-thumbnail hentry\" href=\"https:\/\/indoorgreenlighting.com\/de\/projekte\/center-parcs-limbergse-peel\/\">\n<div class=\"gb-element-00cbfffa hover-zoom\" style=\"--inline-bg-image: url(https:\/\/indoorgreenlighting.com\/wp-content\/uploads\/2025\/05\/center-parcs-limbergse-peel-3-Hoofdfoto.jpg)\"><\/div>\n\n\n\n<div class=\"gb-element-330cbf43 bg-blur\">\n<p class=\"gb-text p-big gb-text-35668644\">Center Parcs Limbergse Peel<\/p>\n\n\n<\/div>\n<\/a>\n\n<a class=\"gb-loop-item gb-loop-item-7f06bb2f post-3349 portfolio type-portfolio status-publish has-post-thumbnail hentry\" href=\"https:\/\/indoorgreenlighting.com\/de\/projekte\/monumentales-gebaeude\/\">\n<div class=\"gb-element-00cbfffa hover-zoom\" style=\"--inline-bg-image: url(https:\/\/indoorgreenlighting.com\/wp-content\/uploads\/2025\/05\/Monumental-building-hoofdfoto.jpg)\"><\/div>\n\n\n\n<div class=\"gb-element-330cbf43 bg-blur\">\n<p class=\"gb-text p-big gb-text-35668644\">Monumentales Geb\u00e4ude<\/p>\n\n\n<\/div>\n<\/a>\n\n<a class=\"gb-loop-item gb-loop-item-7f06bb2f post-3354 portfolio type-portfolio status-publish has-post-thumbnail hentry\" href=\"https:\/\/indoorgreenlighting.com\/de\/projekte\/private-villa\/\">\n<div class=\"gb-element-00cbfffa hover-zoom\" style=\"--inline-bg-image: url(https:\/\/indoorgreenlighting.com\/wp-content\/uploads\/2025\/05\/private-villa-Hoofdfoto.jpg)\"><\/div>\n\n\n\n<div class=\"gb-element-330cbf43 bg-blur\">\n<p class=\"gb-text p-big gb-text-35668644\">Private Villa<\/p>\n\n\n<\/div>\n<\/a>\n\n<a class=\"gb-loop-item gb-loop-item-7f06bb2f post-3352 portfolio type-portfolio status-publish has-post-thumbnail hentry\" href=\"https:\/\/indoorgreenlighting.com\/de\/projekte\/kade-amersfoort\/\">\n<div class=\"gb-element-00cbfffa hover-zoom\" style=\"--inline-bg-image: url(https:\/\/indoorgreenlighting.com\/wp-content\/uploads\/2025\/05\/kAdE-amersfoort-1.jpg)\"><\/div>\n\n\n\n<div class=\"gb-element-330cbf43 bg-blur\">\n<p class=\"gb-text p-big gb-text-35668644\">KAdE Amersfoort<\/p>\n\n\n<\/div>\n<\/a>\n\n<a class=\"gb-loop-item gb-loop-item-7f06bb2f post-3353 portfolio type-portfolio status-publish has-post-thumbnail hentry\" href=\"https:\/\/indoorgreenlighting.com\/de\/projekte\/therme-bukarest\/\">\n<div class=\"gb-element-00cbfffa hover-zoom\" style=\"--inline-bg-image: url(https:\/\/indoorgreenlighting.com\/wp-content\/uploads\/2025\/05\/therme-bucharest-Hoofdfoto.jpg)\"><\/div>\n\n\n\n<div class=\"gb-element-330cbf43 bg-blur\">\n<p class=\"gb-text p-big gb-text-35668644\">Therme Bukarest<\/p>\n\n\n<\/div>\n<\/a>\n<\/div><\/div>\n<\/div>\n<\/div>\n","protected":false},"excerpt":{"rendered":"<p>Unsere Projekte Nachfolgend finden Sie einige Beispiele f\u00fcr die verschiedenen Projekte, f\u00fcr die wir Beleuchtungsl\u00f6sungen geliefert haben. Wie Sie sehen k\u00f6nnen, haben wir Erfahrung mit allen Arten von Projekten. Von Ausstellungsr\u00e4umen bis zu tropischen Schwimmb\u00e4dern und von Gro\u00dfraumb\u00fcros bis zu Einkaufszentren.<\/p>\n","protected":false},"author":1,"featured_media":0,"parent":0,"menu_order":0,"comment_status":"closed","ping_status":"closed","template":"","meta":{"_acf_changed":false,"footnotes":""},"class_list":["post-2664","page","type-page","status-publish"],"acf":[],"_links":{"self":[{"href":"https:\/\/indoorgreenlighting.com\/de\/wp-json\/wp\/v2\/pages\/2664","targetHints":{"allow":["GET"]}}],"collection":[{"href":"https:\/\/indoorgreenlighting.com\/de\/wp-json\/wp\/v2\/pages"}],"about":[{"href":"https:\/\/indoorgreenlighting.com\/de\/wp-json\/wp\/v2\/types\/page"}],"author":[{"embeddable":true,"href":"https:\/\/indoorgreenlighting.com\/de\/wp-json\/wp\/v2\/users\/1"}],"replies":[{"embeddable":true,"href":"https:\/\/indoorgreenlighting.com\/de\/wp-json\/wp\/v2\/comments?post=2664"}],"version-history":[{"count":5,"href":"https:\/\/indoorgreenlighting.com\/de\/wp-json\/wp\/v2\/pages\/2664\/revisions"}],"predecessor-version":[{"id":3407,"href":"https:\/\/indoorgreenlighting.com\/de\/wp-json\/wp\/v2\/pages\/2664\/revisions\/3407"}],"wp:attachment":[{"href":"https:\/\/indoorgreenlighting.com\/de\/wp-json\/wp\/v2\/media?parent=2664"}],"curies":[{"name":"wp","href":"https:\/\/api.w.org\/{rel}","templated":true}]}}