{"id":2662,"date":"2025-04-23T11:18:37","date_gmt":"2025-04-23T09:18:37","guid":{"rendered":"https:\/\/indoorgreenlighting.envolutions.dev\/produkte\/"},"modified":"2025-12-03T13:10:37","modified_gmt":"2025-12-03T12:10:37","slug":"produkte","status":"publish","type":"page","link":"https:\/\/indoorgreenlighting.com\/de\/produkte\/","title":{"rendered":"Produkte"},"content":{"rendered":"\n<div class=\"gb-element-802507c5\">\n<div class=\"gb-element-362b1761\">\n<h1 class=\"gb-text h1 gb-text-8936d11b\">Unsure Produkte<\/h1>\n<\/div>\n<\/div>\n\n\n\n<div class=\"gb-element-eb24c7e8\">\n<div class=\"gb-element-f9e46c0d\">\n<p>Jede Situation ist einzigartig. Deshalb bieten wir eine breite Palette von Beleuchtungen an, damit wir f\u00fcr jeden Raum die richtige L\u00f6sung anbieten k\u00f6nnen. Dabei spielen Faktoren wie der Abstand zu den Pflanzen, die Deckenh\u00f6he und die Aufh\u00e4ngem\u00f6glichkeiten eine wichtige Rolle. Auch die W\u00fcnsche des Kunden oder des Architekten werden bei der Beratung sorgf\u00e4ltig ber\u00fccksichtigt.   <\/p>\n\n\n\n<p>Unser Angebot reicht von 6-Watt- bis zu 350-Watt-Lampen, mit verschiedenen Modellen f\u00fcr unterschiedliche Bed\u00fcrfnisse. Von einzelnen Pflanzgef\u00e4\u00dfen bis hin zu gro\u00dfen B\u00e4umen. Die Lampen sind standardm\u00e4\u00dfig in Schwarz und Wei\u00df erh\u00e4ltlich, k\u00f6nnen aber bei gr\u00f6\u00dferen Mengen in fast jeder Farbe geliefert werden.  <\/p>\n\n\n\n<p>Werfen Sie einen Blick auf unser komplettes Angebot unten. Sie m\u00f6chten wissen, welche Lampe am besten zu Ihrer Situation passt? Nehmen Sie Kontakt mit uns auf &#8211; wir denken gerne mit Ihnen mit.  <\/p>\n\n\n\n<div><div class=\"gb-looper-b8265c3a\">\n<div class=\"gb-loop-item gb-loop-item-f40b329e post-3660 product type-product status-publish has-post-thumbnail hentry\" style=\"--inline-bg-image: url(https:\/\/indoorgreenlighting.com\/de\/produkte\/custom-made-palen\/)\">\n<a class=\"gb-element-26fedc3d\" href=\"https:\/\/indoorgreenlighting.com\/de\/produkte\/custom-made-palen\/\">\n<img decoding=\"async\" width=\"700\" height=\"700\" data-media-id=\"3647\" class=\"gb-media-19dcc38d\" src=\"https:\/\/indoorgreenlighting.com\/wp-content\/uploads\/2025\/12\/custom-pole-1.png\" alt=\"Ma\u00dfgefertigte Stangen\" srcset=\"https:\/\/indoorgreenlighting.com\/wp-content\/uploads\/2025\/12\/custom-pole-1.png 700w, https:\/\/indoorgreenlighting.com\/wp-content\/uploads\/2025\/12\/custom-pole-1-300x300.png 300w, https:\/\/indoorgreenlighting.com\/wp-content\/uploads\/2025\/12\/custom-pole-1-150x150.png 150w\" sizes=\"(max-width: 700px) 100vw, 700px\" \/>\n<\/a>\n\n\n\n<p class=\"gb-text gb-text-d955dc02\">Ma\u00dfgefertigte Stangen<\/p>\n<\/div>\n\n<div class=\"gb-loop-item gb-loop-item-f40b329e post-3657 product type-product status-publish has-post-thumbnail hentry\" style=\"--inline-bg-image: url(https:\/\/indoorgreenlighting.com\/de\/produkte\/spotlight-einbau-klein\/)\">\n<a class=\"gb-element-26fedc3d\" href=\"https:\/\/indoorgreenlighting.com\/de\/produkte\/spotlight-einbau-klein\/\">\n<img decoding=\"async\" width=\"1000\" height=\"1000\" data-media-id=\"3646\" class=\"gb-media-19dcc38d\" src=\"https:\/\/indoorgreenlighting.com\/wp-content\/uploads\/2025\/12\/Spot-small-inbouw-zwart-1.jpg\" alt=\"Spotlight Einbau Klein\" srcset=\"https:\/\/indoorgreenlighting.com\/wp-content\/uploads\/2025\/12\/Spot-small-inbouw-zwart-1.jpg 1000w, https:\/\/indoorgreenlighting.com\/wp-content\/uploads\/2025\/12\/Spot-small-inbouw-zwart-1-300x300.jpg 300w, https:\/\/indoorgreenlighting.com\/wp-content\/uploads\/2025\/12\/Spot-small-inbouw-zwart-1-150x150.jpg 150w, https:\/\/indoorgreenlighting.com\/wp-content\/uploads\/2025\/12\/Spot-small-inbouw-zwart-1-768x768.jpg 768w\" sizes=\"(max-width: 1000px) 100vw, 1000px\" \/>\n<\/a>\n\n\n\n<p class=\"gb-text gb-text-d955dc02\">Spotlight Einbau Klein<\/p>\n<\/div>\n\n<div class=\"gb-loop-item gb-loop-item-f40b329e post-3654 product type-product status-publish has-post-thumbnail hentry\" style=\"--inline-bg-image: url(https:\/\/indoorgreenlighting.com\/de\/produkte\/spotlight-einbau-extra-klein\/)\">\n<a class=\"gb-element-26fedc3d\" href=\"https:\/\/indoorgreenlighting.com\/de\/produkte\/spotlight-einbau-extra-klein\/\">\n<img decoding=\"async\" width=\"1000\" height=\"1000\" data-media-id=\"3645\" class=\"gb-media-19dcc38d\" src=\"https:\/\/indoorgreenlighting.com\/wp-content\/uploads\/2025\/12\/Spot-XS-inbouw-zwart-1.jpg\" alt=\"Spotlight Einbau Extra Klein\" srcset=\"https:\/\/indoorgreenlighting.com\/wp-content\/uploads\/2025\/12\/Spot-XS-inbouw-zwart-1.jpg 1000w, https:\/\/indoorgreenlighting.com\/wp-content\/uploads\/2025\/12\/Spot-XS-inbouw-zwart-1-300x300.jpg 300w, https:\/\/indoorgreenlighting.com\/wp-content\/uploads\/2025\/12\/Spot-XS-inbouw-zwart-1-150x150.jpg 150w, https:\/\/indoorgreenlighting.com\/wp-content\/uploads\/2025\/12\/Spot-XS-inbouw-zwart-1-768x768.jpg 768w\" sizes=\"(max-width: 1000px) 100vw, 1000px\" \/>\n<\/a>\n\n\n\n<p class=\"gb-text gb-text-d955dc02\">Spotlight Einbau Extra Klein<\/p>\n<\/div>\n\n<div class=\"gb-loop-item gb-loop-item-f40b329e post-3648 product type-product status-publish has-post-thumbnail hentry\" style=\"--inline-bg-image: url(https:\/\/indoorgreenlighting.com\/de\/produkte\/spotlight-einbau\/)\">\n<a class=\"gb-element-26fedc3d\" href=\"https:\/\/indoorgreenlighting.com\/de\/produkte\/spotlight-einbau\/\">\n<img decoding=\"async\" width=\"1000\" height=\"1000\" data-media-id=\"3644\" class=\"gb-media-19dcc38d\" src=\"https:\/\/indoorgreenlighting.com\/wp-content\/uploads\/2025\/12\/Spot-inbouw-zwart-1.jpg\" alt=\"Spotlight Einbau\" srcset=\"https:\/\/indoorgreenlighting.com\/wp-content\/uploads\/2025\/12\/Spot-inbouw-zwart-1.jpg 1000w, https:\/\/indoorgreenlighting.com\/wp-content\/uploads\/2025\/12\/Spot-inbouw-zwart-1-300x300.jpg 300w, https:\/\/indoorgreenlighting.com\/wp-content\/uploads\/2025\/12\/Spot-inbouw-zwart-1-150x150.jpg 150w, https:\/\/indoorgreenlighting.com\/wp-content\/uploads\/2025\/12\/Spot-inbouw-zwart-1-768x768.jpg 768w\" sizes=\"(max-width: 1000px) 100vw, 1000px\" \/>\n<\/a>\n\n\n\n<p class=\"gb-text gb-text-d955dc02\">Spotlight Einbau<\/p>\n<\/div>\n\n<div class=\"gb-loop-item gb-loop-item-f40b329e post-3242 product type-product status-publish has-post-thumbnail hentry\" style=\"--inline-bg-image: url(https:\/\/indoorgreenlighting.com\/de\/produkte\/tracklight\/)\">\n<a class=\"gb-element-26fedc3d\" href=\"https:\/\/indoorgreenlighting.com\/de\/produkte\/tracklight\/\">\n<img decoding=\"async\" data-media-id=\"2767\" class=\"gb-media-19dcc38d\" src=\"https:\/\/indoorgreenlighting.com\/wp-content\/uploads\/2025\/04\/tracklight-1-e1747886559205.jpg\" alt=\"Tracklight\"\/>\n<\/a>\n\n\n\n<p class=\"gb-text gb-text-d955dc02\">Tracklight<\/p>\n<\/div>\n\n<div class=\"gb-loop-item gb-loop-item-f40b329e post-3252 product type-product status-publish has-post-thumbnail hentry\" style=\"--inline-bg-image: url(https:\/\/indoorgreenlighting.com\/de\/produkte\/tracklight-stark\/)\">\n<a class=\"gb-element-26fedc3d\" href=\"https:\/\/indoorgreenlighting.com\/de\/produkte\/tracklight-stark\/\">\n<img decoding=\"async\" data-media-id=\"2487\" class=\"gb-media-19dcc38d\" src=\"https:\/\/indoorgreenlighting.com\/wp-content\/uploads\/2025\/04\/tracklight-strong-1-e1747886338681.jpg\" alt=\"Tracklight Stark\"\/>\n<\/a>\n\n\n\n<p class=\"gb-text gb-text-d955dc02\">Tracklight Stark<\/p>\n<\/div>\n\n<div class=\"gb-loop-item gb-loop-item-f40b329e post-3248 product type-product status-publish has-post-thumbnail hentry\" style=\"--inline-bg-image: url(https:\/\/indoorgreenlighting.com\/de\/produkte\/tracklight-extra-klein\/)\">\n<a class=\"gb-element-26fedc3d\" href=\"https:\/\/indoorgreenlighting.com\/de\/produkte\/tracklight-extra-klein\/\">\n<img decoding=\"async\" width=\"1000\" height=\"1000\" data-media-id=\"2495\" class=\"gb-media-19dcc38d\" src=\"https:\/\/indoorgreenlighting.com\/wp-content\/uploads\/2025\/04\/tracklight-xs-1.jpg\" alt=\"Tracklight Extra Klein\" srcset=\"https:\/\/indoorgreenlighting.com\/wp-content\/uploads\/2025\/04\/tracklight-xs-1.jpg 1000w, https:\/\/indoorgreenlighting.com\/wp-content\/uploads\/2025\/04\/tracklight-xs-1-300x300.jpg 300w, https:\/\/indoorgreenlighting.com\/wp-content\/uploads\/2025\/04\/tracklight-xs-1-150x150.jpg 150w, https:\/\/indoorgreenlighting.com\/wp-content\/uploads\/2025\/04\/tracklight-xs-1-768x768.jpg 768w\" sizes=\"(max-width: 1000px) 100vw, 1000px\" \/>\n<\/a>\n\n\n\n<p class=\"gb-text gb-text-d955dc02\">Tracklight Extra Klein<\/p>\n<\/div>\n\n<div class=\"gb-loop-item gb-loop-item-f40b329e post-3251 product type-product status-publish has-post-thumbnail hentry\" style=\"--inline-bg-image: url(https:\/\/indoorgreenlighting.com\/de\/produkte\/tracklight-klein\/)\">\n<a class=\"gb-element-26fedc3d\" href=\"https:\/\/indoorgreenlighting.com\/de\/produkte\/tracklight-klein\/\">\n<img decoding=\"async\" width=\"1000\" height=\"1000\" data-media-id=\"2501\" class=\"gb-media-19dcc38d\" src=\"https:\/\/indoorgreenlighting.com\/wp-content\/uploads\/2025\/04\/tracklight-small-1.jpg\" alt=\"Tracklight Klein\" srcset=\"https:\/\/indoorgreenlighting.com\/wp-content\/uploads\/2025\/04\/tracklight-small-1.jpg 1000w, https:\/\/indoorgreenlighting.com\/wp-content\/uploads\/2025\/04\/tracklight-small-1-300x300.jpg 300w, https:\/\/indoorgreenlighting.com\/wp-content\/uploads\/2025\/04\/tracklight-small-1-150x150.jpg 150w, https:\/\/indoorgreenlighting.com\/wp-content\/uploads\/2025\/04\/tracklight-small-1-768x768.jpg 768w\" sizes=\"(max-width: 1000px) 100vw, 1000px\" \/>\n<\/a>\n\n\n\n<p class=\"gb-text gb-text-d955dc02\">Tracklight Klein<\/p>\n<\/div>\n\n<div class=\"gb-loop-item gb-loop-item-f40b329e post-3262 product type-product status-publish has-post-thumbnail hentry\" style=\"--inline-bg-image: url(https:\/\/indoorgreenlighting.com\/de\/produkte\/spotlight\/)\">\n<a class=\"gb-element-26fedc3d\" href=\"https:\/\/indoorgreenlighting.com\/de\/produkte\/spotlight\/\">\n<img decoding=\"async\" data-media-id=\"2786\" class=\"gb-media-19dcc38d\" src=\"https:\/\/indoorgreenlighting.com\/wp-content\/uploads\/2025\/05\/spotlight-1b-e1747886659837.png\" alt=\"Spotlight Aufbau\"\/>\n<\/a>\n\n\n\n<p class=\"gb-text gb-text-d955dc02\">Spotlight Aufbau<\/p>\n<\/div>\n\n<div class=\"gb-loop-item gb-loop-item-f40b329e post-3254 product type-product status-publish has-post-thumbnail hentry\" style=\"--inline-bg-image: url(https:\/\/indoorgreenlighting.com\/de\/produkte\/spotlight-extra-klein\/)\">\n<a class=\"gb-element-26fedc3d\" href=\"https:\/\/indoorgreenlighting.com\/de\/produkte\/spotlight-extra-klein\/\">\n<img decoding=\"async\" width=\"1000\" height=\"1000\" data-media-id=\"2503\" class=\"gb-media-19dcc38d\" src=\"https:\/\/indoorgreenlighting.com\/wp-content\/uploads\/2025\/04\/spotlight-xs-1.jpg\" alt=\"Spotlight Aufbau Extra Klein\" srcset=\"https:\/\/indoorgreenlighting.com\/wp-content\/uploads\/2025\/04\/spotlight-xs-1.jpg 1000w, https:\/\/indoorgreenlighting.com\/wp-content\/uploads\/2025\/04\/spotlight-xs-1-300x300.jpg 300w, https:\/\/indoorgreenlighting.com\/wp-content\/uploads\/2025\/04\/spotlight-xs-1-150x150.jpg 150w, https:\/\/indoorgreenlighting.com\/wp-content\/uploads\/2025\/04\/spotlight-xs-1-768x768.jpg 768w\" sizes=\"(max-width: 1000px) 100vw, 1000px\" \/>\n<\/a>\n\n\n\n<p class=\"gb-text gb-text-d955dc02\">Spotlight Aufbau Extra Klein<\/p>\n<\/div>\n\n<div class=\"gb-loop-item gb-loop-item-f40b329e post-3284 product type-product status-publish has-post-thumbnail hentry\" style=\"--inline-bg-image: url(https:\/\/indoorgreenlighting.com\/de\/produkte\/spotlight-klein\/)\">\n<a class=\"gb-element-26fedc3d\" href=\"https:\/\/indoorgreenlighting.com\/de\/produkte\/spotlight-klein\/\">\n<img decoding=\"async\" width=\"1000\" height=\"1000\" data-media-id=\"2509\" class=\"gb-media-19dcc38d\" src=\"https:\/\/indoorgreenlighting.com\/wp-content\/uploads\/2025\/04\/spotlight-small-1.jpg\" alt=\"Spotlight Aufbau Klein\" srcset=\"https:\/\/indoorgreenlighting.com\/wp-content\/uploads\/2025\/04\/spotlight-small-1.jpg 1000w, https:\/\/indoorgreenlighting.com\/wp-content\/uploads\/2025\/04\/spotlight-small-1-300x300.jpg 300w, https:\/\/indoorgreenlighting.com\/wp-content\/uploads\/2025\/04\/spotlight-small-1-150x150.jpg 150w, https:\/\/indoorgreenlighting.com\/wp-content\/uploads\/2025\/04\/spotlight-small-1-768x768.jpg 768w\" sizes=\"(max-width: 1000px) 100vw, 1000px\" \/>\n<\/a>\n\n\n\n<p class=\"gb-text gb-text-d955dc02\">Spotlight Aufbau Klein<\/p>\n<\/div>\n\n<div class=\"gb-loop-item gb-loop-item-f40b329e post-3271 product type-product status-publish has-post-thumbnail hentry\" style=\"--inline-bg-image: url(https:\/\/indoorgreenlighting.com\/de\/produkte\/anhaenger\/)\">\n<a class=\"gb-element-26fedc3d\" href=\"https:\/\/indoorgreenlighting.com\/de\/produkte\/anhaenger\/\">\n<img decoding=\"async\" width=\"1000\" height=\"1000\" data-media-id=\"2517\" class=\"gb-media-19dcc38d\" src=\"https:\/\/indoorgreenlighting.com\/wp-content\/uploads\/2025\/04\/pendant-1.jpg\" alt=\"Anh\u00e4nger\" srcset=\"https:\/\/indoorgreenlighting.com\/wp-content\/uploads\/2025\/04\/pendant-1.jpg 1000w, https:\/\/indoorgreenlighting.com\/wp-content\/uploads\/2025\/04\/pendant-1-300x300.jpg 300w, https:\/\/indoorgreenlighting.com\/wp-content\/uploads\/2025\/04\/pendant-1-150x150.jpg 150w, https:\/\/indoorgreenlighting.com\/wp-content\/uploads\/2025\/04\/pendant-1-768x768.jpg 768w\" sizes=\"(max-width: 1000px) 100vw, 1000px\" \/>\n<\/a>\n\n\n\n<p class=\"gb-text gb-text-d955dc02\">Anh\u00e4nger<\/p>\n<\/div>\n\n<div class=\"gb-loop-item gb-loop-item-f40b329e post-3265 product type-product status-publish has-post-thumbnail hentry\" style=\"--inline-bg-image: url(https:\/\/indoorgreenlighting.com\/de\/produkte\/einbauspot-wasserdicht\/)\">\n<a class=\"gb-element-26fedc3d\" href=\"https:\/\/indoorgreenlighting.com\/de\/produkte\/einbauspot-wasserdicht\/\">\n<img decoding=\"async\" width=\"800\" height=\"800\" data-media-id=\"2752\" class=\"gb-media-19dcc38d\" src=\"https:\/\/indoorgreenlighting.com\/wp-content\/uploads\/2025\/04\/inbouw-wachterdicht-2.jpg\" alt=\"Versenkt Wasserdicht\" srcset=\"https:\/\/indoorgreenlighting.com\/wp-content\/uploads\/2025\/04\/inbouw-wachterdicht-2.jpg 800w, https:\/\/indoorgreenlighting.com\/wp-content\/uploads\/2025\/04\/inbouw-wachterdicht-2-300x300.jpg 300w, https:\/\/indoorgreenlighting.com\/wp-content\/uploads\/2025\/04\/inbouw-wachterdicht-2-150x150.jpg 150w, https:\/\/indoorgreenlighting.com\/wp-content\/uploads\/2025\/04\/inbouw-wachterdicht-2-768x768.jpg 768w\" sizes=\"(max-width: 800px) 100vw, 800px\" \/>\n<\/a>\n\n\n\n<p class=\"gb-text gb-text-d955dc02\">Versenkt Wasserdicht<\/p>\n<\/div>\n\n<div class=\"gb-loop-item gb-loop-item-f40b329e post-3276 product type-product status-publish has-post-thumbnail hentry\" style=\"--inline-bg-image: url(https:\/\/indoorgreenlighting.com\/de\/produkte\/einbauspot-banana-klein\/)\">\n<a class=\"gb-element-26fedc3d\" href=\"https:\/\/indoorgreenlighting.com\/de\/produkte\/einbauspot-banana-klein\/\">\n<img decoding=\"async\" width=\"1000\" height=\"1000\" data-media-id=\"2533\" class=\"gb-media-19dcc38d\" src=\"https:\/\/indoorgreenlighting.com\/wp-content\/uploads\/2025\/04\/inbouw-banaan-small-2.jpg\" alt=\"Eingebaute Banane Klein\" srcset=\"https:\/\/indoorgreenlighting.com\/wp-content\/uploads\/2025\/04\/inbouw-banaan-small-2.jpg 1000w, https:\/\/indoorgreenlighting.com\/wp-content\/uploads\/2025\/04\/inbouw-banaan-small-2-300x300.jpg 300w, https:\/\/indoorgreenlighting.com\/wp-content\/uploads\/2025\/04\/inbouw-banaan-small-2-150x150.jpg 150w, https:\/\/indoorgreenlighting.com\/wp-content\/uploads\/2025\/04\/inbouw-banaan-small-2-768x768.jpg 768w\" sizes=\"(max-width: 1000px) 100vw, 1000px\" \/>\n<\/a>\n\n\n\n<p class=\"gb-text gb-text-d955dc02\">Eingebaute Banane Klein<\/p>\n<\/div>\n\n<div class=\"gb-loop-item gb-loop-item-f40b329e post-3267 product type-product status-publish has-post-thumbnail hentry\" style=\"--inline-bg-image: url(https:\/\/indoorgreenlighting.com\/de\/produkte\/einbauspot-banana-gross\/)\">\n<a class=\"gb-element-26fedc3d\" href=\"https:\/\/indoorgreenlighting.com\/de\/produkte\/einbauspot-banana-gross\/\">\n<img decoding=\"async\" width=\"1000\" height=\"1000\" data-media-id=\"2521\" class=\"gb-media-19dcc38d\" src=\"https:\/\/indoorgreenlighting.com\/wp-content\/uploads\/2025\/04\/inbouw-banaan-2.jpg\" alt=\"Einbauspot Banana  Gro\u00df\" srcset=\"https:\/\/indoorgreenlighting.com\/wp-content\/uploads\/2025\/04\/inbouw-banaan-2.jpg 1000w, https:\/\/indoorgreenlighting.com\/wp-content\/uploads\/2025\/04\/inbouw-banaan-2-300x300.jpg 300w, https:\/\/indoorgreenlighting.com\/wp-content\/uploads\/2025\/04\/inbouw-banaan-2-150x150.jpg 150w, https:\/\/indoorgreenlighting.com\/wp-content\/uploads\/2025\/04\/inbouw-banaan-2-768x768.jpg 768w\" sizes=\"(max-width: 1000px) 100vw, 1000px\" \/>\n<\/a>\n\n\n\n<p class=\"gb-text gb-text-d955dc02\">Einbauspot Banana  Gro\u00df<\/p>\n<\/div>\n\n<div class=\"gb-loop-item gb-loop-item-f40b329e post-3277 product type-product status-publish has-post-thumbnail hentry\" style=\"--inline-bg-image: url(https:\/\/indoorgreenlighting.com\/de\/produkte\/mittel-linear\/)\">\n<a class=\"gb-element-26fedc3d\" href=\"https:\/\/indoorgreenlighting.com\/de\/produkte\/mittel-linear\/\">\n<img decoding=\"async\" width=\"1000\" height=\"1000\" data-media-id=\"2541\" class=\"gb-media-19dcc38d\" src=\"https:\/\/indoorgreenlighting.com\/wp-content\/uploads\/2025\/04\/medium-linear-1.png\" alt=\"Mittel Linear\" srcset=\"https:\/\/indoorgreenlighting.com\/wp-content\/uploads\/2025\/04\/medium-linear-1.png 1000w, https:\/\/indoorgreenlighting.com\/wp-content\/uploads\/2025\/04\/medium-linear-1-300x300.png 300w, https:\/\/indoorgreenlighting.com\/wp-content\/uploads\/2025\/04\/medium-linear-1-150x150.png 150w, https:\/\/indoorgreenlighting.com\/wp-content\/uploads\/2025\/04\/medium-linear-1-768x768.png 768w\" sizes=\"(max-width: 1000px) 100vw, 1000px\" \/>\n<\/a>\n\n\n\n<p class=\"gb-text gb-text-d955dc02\">Mittel Linear<\/p>\n<\/div>\n\n<div class=\"gb-loop-item gb-loop-item-f40b329e post-3288 product type-product status-publish has-post-thumbnail hentry\" style=\"--inline-bg-image: url(https:\/\/indoorgreenlighting.com\/de\/produkte\/lebendige-wand-linear\/)\">\n<a class=\"gb-element-26fedc3d\" href=\"https:\/\/indoorgreenlighting.com\/de\/produkte\/lebendige-wand-linear\/\">\n<img decoding=\"async\" width=\"1000\" height=\"1000\" data-media-id=\"2549\" class=\"gb-media-19dcc38d\" src=\"https:\/\/indoorgreenlighting.com\/wp-content\/uploads\/2025\/04\/living-wall-linear-1.jpg\" alt=\"Lebendige Wand Linear\" srcset=\"https:\/\/indoorgreenlighting.com\/wp-content\/uploads\/2025\/04\/living-wall-linear-1.jpg 1000w, https:\/\/indoorgreenlighting.com\/wp-content\/uploads\/2025\/04\/living-wall-linear-1-300x300.jpg 300w, https:\/\/indoorgreenlighting.com\/wp-content\/uploads\/2025\/04\/living-wall-linear-1-150x150.jpg 150w, https:\/\/indoorgreenlighting.com\/wp-content\/uploads\/2025\/04\/living-wall-linear-1-768x768.jpg 768w\" sizes=\"(max-width: 1000px) 100vw, 1000px\" \/>\n<\/a>\n\n\n\n<p class=\"gb-text gb-text-d955dc02\">Lebendige Wand Linear<\/p>\n<\/div>\n\n<div class=\"gb-loop-item gb-loop-item-f40b329e post-3289 product type-product status-publish has-post-thumbnail hentry\" style=\"--inline-bg-image: url(https:\/\/indoorgreenlighting.com\/de\/produkte\/weite-distanz\/)\">\n<a class=\"gb-element-26fedc3d\" href=\"https:\/\/indoorgreenlighting.com\/de\/produkte\/weite-distanz\/\">\n<img decoding=\"async\" width=\"928\" height=\"928\" data-media-id=\"2553\" class=\"gb-media-19dcc38d\" src=\"https:\/\/indoorgreenlighting.com\/wp-content\/uploads\/2025\/04\/verre-afstand-2.png\" alt=\"Ferne Entfernung\" srcset=\"https:\/\/indoorgreenlighting.com\/wp-content\/uploads\/2025\/04\/verre-afstand-2.png 928w, https:\/\/indoorgreenlighting.com\/wp-content\/uploads\/2025\/04\/verre-afstand-2-300x300.png 300w, https:\/\/indoorgreenlighting.com\/wp-content\/uploads\/2025\/04\/verre-afstand-2-150x150.png 150w, https:\/\/indoorgreenlighting.com\/wp-content\/uploads\/2025\/04\/verre-afstand-2-768x768.png 768w\" sizes=\"(max-width: 928px) 100vw, 928px\" \/>\n<\/a>\n\n\n\n<p class=\"gb-text gb-text-d955dc02\">Ferne Entfernung<\/p>\n<\/div>\n<\/div><\/div>\n<\/div>\n<\/div>\n","protected":false},"excerpt":{"rendered":"<p>Unsure Produkte Jede Situation ist einzigartig. Deshalb bieten wir eine breite Palette von Beleuchtungen an, damit wir f\u00fcr jeden Raum die richtige L\u00f6sung anbieten k\u00f6nnen. Dabei spielen Faktoren wie der Abstand zu den Pflanzen, die Deckenh\u00f6he und die Aufh\u00e4ngem\u00f6glichkeiten eine wichtige Rolle. Auch die W\u00fcnsche des Kunden oder des Architekten werden bei der Beratung sorgf\u00e4ltig &#8230; <a title=\"Produkte\" class=\"read-more\" href=\"https:\/\/indoorgreenlighting.com\/de\/produkte\/\" aria-label=\"Mehr Informationen \u00fcber Produkte\">Weiterlesen<\/a><\/p>\n","protected":false},"author":1,"featured_media":0,"parent":0,"menu_order":0,"comment_status":"closed","ping_status":"closed","template":"","meta":{"_acf_changed":false,"footnotes":""},"class_list":["post-2662","page","type-page","status-publish"],"acf":[],"_links":{"self":[{"href":"https:\/\/indoorgreenlighting.com\/de\/wp-json\/wp\/v2\/pages\/2662","targetHints":{"allow":["GET"]}}],"collection":[{"href":"https:\/\/indoorgreenlighting.com\/de\/wp-json\/wp\/v2\/pages"}],"about":[{"href":"https:\/\/indoorgreenlighting.com\/de\/wp-json\/wp\/v2\/types\/page"}],"author":[{"embeddable":true,"href":"https:\/\/indoorgreenlighting.com\/de\/wp-json\/wp\/v2\/users\/1"}],"replies":[{"embeddable":true,"href":"https:\/\/indoorgreenlighting.com\/de\/wp-json\/wp\/v2\/comments?post=2662"}],"version-history":[{"count":6,"href":"https:\/\/indoorgreenlighting.com\/de\/wp-json\/wp\/v2\/pages\/2662\/revisions"}],"predecessor-version":[{"id":3582,"href":"https:\/\/indoorgreenlighting.com\/de\/wp-json\/wp\/v2\/pages\/2662\/revisions\/3582"}],"wp:attachment":[{"href":"https:\/\/indoorgreenlighting.com\/de\/wp-json\/wp\/v2\/media?parent=2662"}],"curies":[{"name":"wp","href":"https:\/\/api.w.org\/{rel}","templated":true}]}}