{"id":2652,"date":"2025-05-07T09:16:56","date_gmt":"2025-05-07T07:16:56","guid":{"rendered":"https:\/\/indoorgreenlighting.envolutions.dev\/ueber-uns\/"},"modified":"2025-05-20T16:42:57","modified_gmt":"2025-05-20T14:42:57","slug":"ueber-uns","status":"publish","type":"page","link":"https:\/\/indoorgreenlighting.com\/de\/ueber-uns\/","title":{"rendered":"\u00dcber uns"},"content":{"rendered":"\n<div class=\"gb-element-802507c5\">\n<div class=\"gb-element-362b1761\">\n<h1 class=\"gb-text h1 gb-text-8936d11b\">\u00dcber uns<\/h1>\n<\/div>\n<\/div>\n\n<div class=\"gb-element-7c8e4b37\">\n<div class=\"gb-element-9c2daffc anchor-target\" id=\"wie-zijn-wij\">\n<h2 class=\"gb-text h2\">Wer wir sind<\/h2>\n\n\n\n<p>Wir sind Spezialisten f\u00fcr LED-Pflanzenbeleuchtung. Weltweit versorgen wir zahlreiche gr\u00fcne Projekte mit der richtigen Beleuchtung. Wir sorgen daf\u00fcr, dass B\u00e4ume und Pflanzen gen\u00fcgend Licht erhalten, um gesund zu bleiben und ihr volles Potenzial zu erreichen. Selbst an den dunkelsten Orten, an denen es wenig oder gar kein Tageslicht gibt, schaffen wir es, dass jeder Baum und jede Pflanze w\u00e4chst und ihr volles Potenzial erreicht.    Mit der richtigen Pflanzenbeleuchtung kann sogar ein tropischer Baum in der dunkelsten Ecke eines Geb\u00e4udes gedeihen! Mit unserer Pflanzenbeleuchtung m\u00fcssen Sie sich also nicht mehr f\u00fcr Schattenpflanzen oder gar Kunstpflanzen entscheiden. Ob es sich um eine lebende gr\u00fcne Wand in einem Gesch\u00e4ft, Pflanzen und B\u00e4ume in einem B\u00fcrogeb\u00e4ude oder komplette Indoor-Dschungel in Schwimmb\u00e4dern handelt, wir haben jahrelange Erfahrung in jedem Bereich!  <\/p>\n\n\n\n<p>Im Gegensatz zu vielen anderen Anbietern basiert unser Wissen auf mehr als 25 Jahren Erfahrung im Indoor Farming. Nirgendwo ist das richtige Licht so wichtig wie hier. Dieses Wissen wird in eine Vielzahl von Modellen f\u00fcr jede Situation und f\u00fcr jeden Geschmack umgesetzt.  <\/p>\n<\/div>\n\n\n\n<div class=\"gb-element-645be2e1\">\n<p class=\"gb-text p-big gb-text-f744448f\">Unser Auftrag<\/p>\n\n\n\n<p>Leider stellen wir allzu oft fest, dass die Beleuchtung von Pflanzen bei der Erstellung eines Bepflanzungsplans nicht ber\u00fccksichtigt wird. B\u00e4ume und Pflanzen k\u00f6nnen ohne die richtige Art von Licht nicht gesund bleiben. Wenn Zimmerpflanzen nicht das richtige Licht bekommen, werden sie schnell gesch\u00e4digt. Dies kann dazu f\u00fchren, dass sich die Pflanzen strecken und die Bl\u00e4tter missbilden. Die Pflanzen werden auch anf\u00e4lliger f\u00fcr Krankheiten und Pilze. Schlie\u00dflich m\u00fcssen die Pflanzen ersetzt werden, was eine kostspielige und unhaltbare Angelegenheit ist!     <\/p>\n\n\n\n<div class=\"gb-element-93a9e672\">\n<div>\n<img decoding=\"async\" width=\"334\" height=\"531\" class=\"gb-media-a3623679\" alt=\"\" src=\"https:\/\/indoorgreenlighting.com\/wp-content\/uploads\/2025\/05\/over-ons-1.jpg\" srcset=\"https:\/\/indoorgreenlighting.com\/wp-content\/uploads\/2025\/05\/over-ons-1.jpg 334w, https:\/\/indoorgreenlighting.com\/wp-content\/uploads\/2025\/05\/over-ons-1-189x300.jpg 189w\" sizes=\"(max-width: 334px) 100vw, 334px\" \/>\n\n\n\n<p class=\"gb-text gb-text-404c9e5a\"><strong>Pflanzen strecken<\/strong><\/p>\n<\/div>\n\n\n\n<div>\n<img decoding=\"async\" width=\"333\" height=\"529\" class=\"gb-media-f67a0500\" alt=\"\" src=\"https:\/\/indoorgreenlighting.com\/wp-content\/uploads\/2025\/05\/over-ons-2.jpg\" srcset=\"https:\/\/indoorgreenlighting.com\/wp-content\/uploads\/2025\/05\/over-ons-2.jpg 333w, https:\/\/indoorgreenlighting.com\/wp-content\/uploads\/2025\/05\/over-ons-2-189x300.jpg 189w\" sizes=\"(max-width: 333px) 100vw, 333px\" \/>\n\n\n\n<p class=\"gb-text gb-text-10324007\"><strong>Kleine Bl\u00e4tter<\/strong><\/p>\n<\/div>\n\n\n\n<div>\n<img decoding=\"async\" width=\"332\" height=\"528\" class=\"gb-media-55c1e3b5\" alt=\"\" src=\"https:\/\/indoorgreenlighting.com\/wp-content\/uploads\/2025\/05\/over-ons-3.jpg\" srcset=\"https:\/\/indoorgreenlighting.com\/wp-content\/uploads\/2025\/05\/over-ons-3.jpg 332w, https:\/\/indoorgreenlighting.com\/wp-content\/uploads\/2025\/05\/over-ons-3-189x300.jpg 189w\" sizes=\"(max-width: 332px) 100vw, 332px\" \/>\n\n\n\n<p class=\"gb-text gb-text-2c894d30\"><strong>Stumpfe Pflanzen<\/strong><\/p>\n<\/div>\n\n\n\n<div>\n<img decoding=\"async\" width=\"146\" height=\"231\" class=\"gb-media-c142191d\" alt=\"\" src=\"https:\/\/indoorgreenlighting.com\/wp-content\/uploads\/2025\/05\/over-ons-4.jpg\">\n\n\n\n<p class=\"gb-text gb-text-1a98a25c\"><strong>Plagen<\/strong><\/p>\n<\/div>\n<\/div>\n\n\n\n<p>Unsere Aufgabe ist es, daf\u00fcr zu sorgen, dass jeder Baum und jede Pflanze in einem Geb\u00e4ude gesund und sch\u00f6n bleibt, indem wir sie mit dem richtigen Licht und dem richtigen Farbspektrum versorgen.<\/p>\n\n\n\n<p class=\"gb-text p-big gb-text-fbe7d15d\">Gr\u00fcn = gesund<\/p>\n\n\n\n<p>weitere Vorteile: Sie reinigen die Luft, sorgen f\u00fcr eine bessere Akustik und die Menschen f\u00fchlen sich wohler, wenn es viel Gr\u00fcn gibt. Untersuchungen haben sogar gezeigt, dass in Unternehmen mit viel Gr\u00fcn der Krankenstand deutlich niedriger ist als in anderen Unternehmen! Kurz gesagt: Pflanzen halten Ihr Unternehmen gesund&#8230; Wir halten Ihre Pflanzen gesund!  <\/p>\n<\/div>\n\n\n\n<div class=\"gb-element-06a3e17f anchor-target\" id=\"waarom-plantverlichting\">\n<h2 class=\"gb-text h2\">Warum Pflanzenbeleuchtung?<\/h2>\n\n\n\n<p>Ein h\u00e4ufiger Fehler ist die Annahme, dass Pflanzen und Menschen dasselbe bevorzugen. Doch das Licht, das eine Pflanze braucht, ist v\u00f6llig anders als das Licht, das f\u00fcr das menschliche Auge ausreicht. Der gr\u00f6\u00dfte Unterschied zwischen normaler Beleuchtung und Pflanzenbeleuchtung ist das Farbspektrum des Lichts. Ein Baum oder eine Pflanze verwendet ganz andere Farben im Farbspektrum als der Mensch. W\u00e4hrend der Mensch haupts\u00e4chlich gelb und gr\u00fcn sieht, verwenden Pflanzen haupts\u00e4chlich blau und rot. Auch mit dem menschlichen Auge scheint eine Pflanze oder ein Baum im vollen Licht zu stehen, aber das bedeutet selten, dass dieses Licht aus dem richtigen Farbspektrum besteht.     <\/p>\n\n\n\n<p class=\"gb-text p-big gb-text-89a27df2\">Das richtige Farbspektrum<\/p>\n\n\n\n<p>Es ist zum Beispiel \u00fcblich, dass Oberlichter, Kuppeln oder Fenster mit einer Sonnenbeschichtung versehen sind. Dadurch werden wichtige Lichtfarben blockiert, die f\u00fcr Pflanzen und B\u00e4ume wichtig sind. Bei unserer Pflanzenbeleuchtung werden diese Farben erg\u00e4nzt, so dass die Pflanzen in Innenr\u00e4umen gut wachsen k\u00f6nnen.  <\/p>\n\n\n\n<p class=\"gb-text p-big gb-text-c4930f44\">Helligkeit<\/p>\n\n\n\n<p>Neben dem richtigen Farbspektrum muss auch die Lichtmenge stimmen. Eine Schattenpflanze hat einen ganz anderen Lichtbedarf als ein tropischer Baum. Es ist wichtig, dass die Pflanzen jeden Tag gen\u00fcgend Lichtstunden erhalten. In den Wintermonaten ist das selten der Fall. In diesem Fall ist eine zus\u00e4tzliche Pflanzenbeleuchtung erforderlich, um die Pflanzen gesund zu erhalten. Unsere Fachleute untersuchen den Beleuchtungsbedarf f\u00fcr jedes Projekt und geben auf dieser Grundlage Ratschl\u00e4ge.     <\/p>\n<\/div>\n\n\n\n<div class=\"gb-element-bb0179a1 anchor-target\" id=\"hoe-werken-wij\">\n<h2 class=\"gb-text h2\">Wie wir arbeiten<\/h2>\n\n\n\n<p>Um festzustellen, welche Beleuchtungsl\u00f6sung am besten f\u00fcr das Projekt geeignet ist, f\u00fchren wir zun\u00e4chst ein <strong>Orientierungsgespr\u00e4ch<\/strong> mit unserem Kunden. Um welche Art von Bepflanzung handelt es sich? In welchem Abstand zu den Pflanzen k\u00f6nnen die Pflanzenlampen angebracht werden? Wie viel Tageslicht ist an dem betreffenden Standort vorhanden? Mit den richtigen Fragen k\u00f6nnen wir schnell feststellen, ob eine zus\u00e4tzliche Pflanzenbeleuchtung erforderlich ist. Stellt sich im ersten Gespr\u00e4ch heraus, dass dies notwendig ist, erstellen wir einen <strong>Beleuchtungsplan<\/strong>.     <\/p>\n\n\n\n<div class=\"gb-element-90bb434c\">\n<p class=\"p-big gb-text-3e7f304e\"><span class=\"gb-shape\"><svg xmlns=\"http:\/\/www.w3.org\/2000\/svg\" viewbox=\"0 0 512 512\"><!--!Font Awesome Free 6.7.2 by @fontawesome - https:\/\/fontawesome.com License - https:\/\/fontawesome.com\/license\/free Copyright 2025 Fonticons, Inc.--><path d=\"M464 256A208 208 0 1 0 48 256a208 208 0 1 0 416 0zM0 256a256 256 0 1 1 512 0A256 256 0 1 1 0 256zm256-96a96 96 0 1 1 0 192 96 96 0 1 1 0-192z\"><\/path><\/svg><\/span><span class=\"gb-text\">Ma\u00dfgeschneiderte Beratung<\/span><\/p>\n\n\n\n<div class=\"gb-element-0e3e9c75\">\n<p>Jedes Projekt ist einzigartig und erfordert eine individuelle Beleuchtungsl\u00f6sung. Daher w\u00e4hlen wir in Absprache mit unseren Kunden immer die Lampen aus, die ihren spezifischen Bed\u00fcrfnissen am besten entsprechen. <\/p>\n<\/div>\n\n\n\n<p class=\"p-big gb-text-6c871bb5\"><span class=\"gb-shape\"><svg xmlns=\"http:\/\/www.w3.org\/2000\/svg\" viewbox=\"0 0 512 512\"><!--!Font Awesome Free 6.7.2 by @fontawesome - https:\/\/fontawesome.com License - https:\/\/fontawesome.com\/license\/free Copyright 2025 Fonticons, Inc.--><path d=\"M464 256A208 208 0 1 0 48 256a208 208 0 1 0 416 0zM0 256a256 256 0 1 1 512 0A256 256 0 1 1 0 256zm256-96a96 96 0 1 1 0 192 96 96 0 1 1 0-192z\"><\/path><\/svg><\/span><span class=\"gb-text\">Sowohl neue als auch bestehende Projekte<\/span><\/p>\n\n\n\n<div class=\"gb-element-efc48730\">\n<p>Bei einem neuen Projekt gehen wir gemeinsam den Bepflanzungsplan durch und besprechen die Optionen f\u00fcr die Installation der Pflanzenbeleuchtung. Unsere Beleuchtungsspezialisten sind in der Regel Teil des Projektteams und werden eng in die Beratungen \u00fcber die Bepflanzung einbezogen. Anhand von Fotos und\/oder (Bau-)Pl\u00e4nen k\u00f6nnen wir oft eine gute Einsch\u00e4tzung der erforderlichen Pflanzenbeleuchtung vornehmen. Falls erforderlich, kommen wir vor Ort, um eine <strong>Lichtmessung<\/strong> durchzuf\u00fchren.   <\/p>\n\n\n\n<p>Das Gleiche gilt f\u00fcr bestehende Projekte. Der Vorteil ist hier, dass wir in der Praxis beobachten k\u00f6nnen, wie sich die Bepflanzung verh\u00e4lt und wie das Klima ist. Indem wir die B\u00e4ume und Pflanzen &#8222;lesen&#8220;, erkennen wir, wie wir die Situation durch den Einsatz des richtigen Pflanzenlichts steuern und verbessern k\u00f6nnen. Auch dies kann aus der Ferne oder vor Ort geschehen, je nach Wunsch des Kunden.   <\/p>\n<\/div>\n\n\n\n<p class=\"p-big gb-text-d0c9e154\"><span class=\"gb-shape\"><svg xmlns=\"http:\/\/www.w3.org\/2000\/svg\" viewbox=\"0 0 512 512\"><!--!Font Awesome Free 6.7.2 by @fontawesome - https:\/\/fontawesome.com License - https:\/\/fontawesome.com\/license\/free Copyright 2025 Fonticons, Inc.--><path d=\"M464 256A208 208 0 1 0 48 256a208 208 0 1 0 416 0zM0 256a256 256 0 1 1 512 0A256 256 0 1 1 0 256zm256-96a96 96 0 1 1 0 192 96 96 0 1 1 0-192z\"><\/path><\/svg><\/span><span class=\"gb-text\">Gro\u00dfe und kleine Projekte<\/span><\/p>\n\n\n\n<div class=\"gb-element-708ed5b2\">\n<p>Jedes Projekt ist f\u00fcr uns gleich wichtig, wenn es um die Bepflanzung geht. Ob es sich um einen einzelnen Baum oder eine Pflanze in einem Gesch\u00e4ft handelt oder um einen kompletten Indoor-Park in einem B\u00fcroturm, wir sind f\u00fcr alle da! <\/p>\n<\/div>\n\n\n\n<p class=\"p-big gb-text-f06950e1\"><span class=\"gb-shape\"><svg xmlns=\"http:\/\/www.w3.org\/2000\/svg\" viewbox=\"0 0 512 512\"><!--!Font Awesome Free 6.7.2 by @fontawesome - https:\/\/fontawesome.com License - https:\/\/fontawesome.com\/license\/free Copyright 2025 Fonticons, Inc.--><path d=\"M464 256A208 208 0 1 0 48 256a208 208 0 1 0 416 0zM0 256a256 256 0 1 1 512 0A256 256 0 1 1 0 256zm256-96a96 96 0 1 1 0 192 96 96 0 1 1 0-192z\"><\/path><\/svg><\/span><span class=\"gb-text\">Alle gl\u00fccklich<\/span><\/p>\n\n\n\n<div class=\"gb-element-21357274\">\n<p>Obwohl unser Hauptziel darin besteht, dass die Innenraumbepflanzung optimal beleuchtet wird, sind wir uns bewusst, dass mehrere Faktoren ber\u00fccksichtigt werden m\u00fcssen. Ein paar Beispiele: <\/p>\n\n\n\n<ul class=\"wp-block-list\">\n<li>Was sind die W\u00fcnsche\/Anforderungen des Architekten\/Planers?<\/li>\n\n\n\n<li>Gibt es irgendwelche einschr\u00e4nkenden Faktoren hinsichtlich der Platzierung der Lampen?<\/li>\n\n\n\n<li>Sollte die &#8222;Lichtfreundlichkeit&#8220; f\u00fcr das menschliche Auge ber\u00fccksichtigt werden?<\/li>\n\n\n\n<li>Gibt es ein H\u00f6chstbudget?<\/li>\n\n\n\n<li>Welche Frist gilt f\u00fcr die Durchf\u00fchrung des Projekts?<\/li>\n<\/ul>\n\n\n\n<p class=\"gb-text gb-text-1bde0167\">Wir ber\u00fccksichtigen alle diese Aspekte in unserem Beleuchtungsplan. Manchmal ist es eine ziemliche Herausforderung, alle zufrieden zu stellen, aber bis jetzt ist es uns jedes Mal gelungen! <\/p>\n<\/div>\n<\/div>\n<\/div>\n<\/div>\n","protected":false},"excerpt":{"rendered":"<p>\u00dcber uns Wer wir sind Wir sind Spezialisten f\u00fcr LED-Pflanzenbeleuchtung. Weltweit versorgen wir zahlreiche gr\u00fcne Projekte mit der richtigen Beleuchtung. Wir sorgen daf\u00fcr, dass B\u00e4ume und Pflanzen gen\u00fcgend Licht erhalten, um gesund zu bleiben und ihr volles Potenzial zu erreichen. Selbst an den dunkelsten Orten, an denen es wenig oder gar kein Tageslicht gibt, schaffen &#8230; <a title=\"\u00dcber uns\" class=\"read-more\" href=\"https:\/\/indoorgreenlighting.com\/de\/ueber-uns\/\" aria-label=\"Mehr Informationen \u00fcber \u00dcber uns\">Weiterlesen<\/a><\/p>\n","protected":false},"author":1,"featured_media":0,"parent":0,"menu_order":0,"comment_status":"closed","ping_status":"closed","template":"","meta":{"_acf_changed":false,"footnotes":""},"class_list":["post-2652","page","type-page","status-publish"],"acf":[],"_links":{"self":[{"href":"https:\/\/indoorgreenlighting.com\/de\/wp-json\/wp\/v2\/pages\/2652","targetHints":{"allow":["GET"]}}],"collection":[{"href":"https:\/\/indoorgreenlighting.com\/de\/wp-json\/wp\/v2\/pages"}],"about":[{"href":"https:\/\/indoorgreenlighting.com\/de\/wp-json\/wp\/v2\/types\/page"}],"author":[{"embeddable":true,"href":"https:\/\/indoorgreenlighting.com\/de\/wp-json\/wp\/v2\/users\/1"}],"replies":[{"embeddable":true,"href":"https:\/\/indoorgreenlighting.com\/de\/wp-json\/wp\/v2\/comments?post=2652"}],"version-history":[{"count":2,"href":"https:\/\/indoorgreenlighting.com\/de\/wp-json\/wp\/v2\/pages\/2652\/revisions"}],"predecessor-version":[{"id":3031,"href":"https:\/\/indoorgreenlighting.com\/de\/wp-json\/wp\/v2\/pages\/2652\/revisions\/3031"}],"wp:attachment":[{"href":"https:\/\/indoorgreenlighting.com\/de\/wp-json\/wp\/v2\/media?parent=2652"}],"curies":[{"name":"wp","href":"https:\/\/api.w.org\/{rel}","templated":true}]}}