{"id":2648,"date":"2025-05-06T13:54:57","date_gmt":"2025-05-06T11:54:57","guid":{"rendered":"https:\/\/indoorgreenlighting.envolutions.dev\/haftungsausschluss\/"},"modified":"2025-12-04T09:45:18","modified_gmt":"2025-12-04T08:45:18","slug":"haftungsausschluss","status":"publish","type":"page","link":"https:\/\/indoorgreenlighting.com\/de\/haftungsausschluss\/","title":{"rendered":"Haftungsausschluss"},"content":{"rendered":"\n<div class=\"gb-element-802507c5\">\n<div class=\"gb-element-362b1761\">\n<h1 class=\"gb-text h1 gb-text-8936d11b\">Haftungsausschluss<\/h1>\n<\/div>\n<\/div>\n\n<div class=\"gb-element-7c8e4b37\">\n<div class=\"gb-element-9c2daffc\">\n<p class=\"gb-text gb-text-40d087dc\">Auf dieser Seite finden Sie den <a href=\"https:\/\/indoorgreenlighting.com\/de\/\">indoorgreenlighting.com<\/a> Haftungsausschluss, der von Indoor Green Lighting zur Verf\u00fcgung gestellt wird. In diesem Haftungsausschluss geben wir die Bedingungen an, unter denen wir Ihnen die Informationen auf unserer Website zur Verf\u00fcgung stellen. <\/p>\n\n\n\n<p class=\"gb-text p-big gb-text-0a100493\">Geistiges Eigentum<\/p>\n\n\n\n<p class=\"gb-text gb-text-64bb593e\">Die Nutzung der Informationen auf dieser Website ist kostenlos, solange Sie sie nicht kopieren, verbreiten oder anderweitig nutzen oder missbrauchen. Sie d\u00fcrfen die Informationen auf dieser Website nur in \u00dcbereinstimmung mit den Bestimmungen des zwingenden Rechts weiterverwenden. <\/p>\n\n\n\n<p class=\"gb-text gb-text-e2662246\">Die Wiederverwendung von Text-, Foto- oder anderen Materialien auf dieser Website ist ohne die ausdr\u00fcckliche schriftliche Zustimmung von Indoor Green Lighting nicht gestattet. Das geistige Eigentum geh\u00f6rt zu Indoor Green Lighting. <\/p>\n\n\n\n<p class=\"gb-text p-big gb-text-798b75fd\">Keine Garantie f\u00fcr die Richtigkeit<\/p>\n\n\n\n<p class=\"gb-text gb-text-1eb86a2c\">Bei den Preisen auf unserer Website bem\u00fchen wir uns, die Realit\u00e4t und die vorgesehenen Preise so genau wie m\u00f6glich wiederzugeben. Fehler, die in dieser Hinsicht auftreten und als Programmier- oder Tippfehler erkennbar sind, stellen niemals einen Grund dar, einen Vertrag oder eine Vereinbarung mit Indoor Green Lighting zu fordern oder anzunehmen. <\/p>\n\n\n\n<p class=\"gb-text gb-text-53e682da\">Indoor Green Lighting ist bestrebt, seine Website so aktuell wie m\u00f6glich zu halten. Sollten trotz dieser Bem\u00fchungen die Informationen oder Inhalte auf dieser Website unvollst\u00e4ndig oder falsch sein, k\u00f6nnen wir daf\u00fcr keine Haftung \u00fcbernehmen. <\/p>\n\n\n\n<p class=\"gb-text gb-text-3f990392\">Die Informationen und\/oder Produkte auf dieser Website werden ohne jegliche Garantie oder Anspruch auf Richtigkeit bereitgestellt. Wir behalten uns das Recht vor, diese Materialien ohne vorherige Ank\u00fcndigung zu \u00e4ndern, zu entfernen oder neu zu ver\u00f6ffentlichen. Indoor Green Lighting \u00fcbernimmt keine Haftung f\u00fcr Informationen auf Websites, auf die wir \u00fcber Hyperlinks verweisen.  <\/p>\n\n\n\n<p class=\"gb-text p-big gb-text-20fd28cf\">\u00c4nderungen<\/p>\n\n\n\n<p class=\"gb-text gb-text-50b9bf27\">Sollte sich dieser Haftungsausschluss \u00e4ndern, finden Sie die aktuellste Version des Haftungsausschlusses von Indoor Green Lighting auf dieser Seite<\/p>\n<\/div>\n<\/div>\n","protected":false},"excerpt":{"rendered":"<p>Haftungsausschluss Auf dieser Seite finden Sie den indoorgreenlighting.com Haftungsausschluss, der von Indoor Green Lighting zur Verf\u00fcgung gestellt wird. In diesem Haftungsausschluss geben wir die Bedingungen an, unter denen wir Ihnen die Informationen auf unserer Website zur Verf\u00fcgung stellen. Geistiges Eigentum Die Nutzung der Informationen auf dieser Website ist kostenlos, solange Sie sie nicht kopieren, verbreiten &#8230; <a title=\"Haftungsausschluss\" class=\"read-more\" href=\"https:\/\/indoorgreenlighting.com\/de\/haftungsausschluss\/\" aria-label=\"Mehr Informationen \u00fcber Haftungsausschluss\">Weiterlesen<\/a><\/p>\n","protected":false},"author":1,"featured_media":0,"parent":0,"menu_order":0,"comment_status":"closed","ping_status":"closed","template":"","meta":{"_acf_changed":false,"footnotes":""},"class_list":["post-2648","page","type-page","status-publish"],"acf":[],"_links":{"self":[{"href":"https:\/\/indoorgreenlighting.com\/de\/wp-json\/wp\/v2\/pages\/2648","targetHints":{"allow":["GET"]}}],"collection":[{"href":"https:\/\/indoorgreenlighting.com\/de\/wp-json\/wp\/v2\/pages"}],"about":[{"href":"https:\/\/indoorgreenlighting.com\/de\/wp-json\/wp\/v2\/types\/page"}],"author":[{"embeddable":true,"href":"https:\/\/indoorgreenlighting.com\/de\/wp-json\/wp\/v2\/users\/1"}],"replies":[{"embeddable":true,"href":"https:\/\/indoorgreenlighting.com\/de\/wp-json\/wp\/v2\/comments?post=2648"}],"version-history":[{"count":5,"href":"https:\/\/indoorgreenlighting.com\/de\/wp-json\/wp\/v2\/pages\/2648\/revisions"}],"predecessor-version":[{"id":3682,"href":"https:\/\/indoorgreenlighting.com\/de\/wp-json\/wp\/v2\/pages\/2648\/revisions\/3682"}],"wp:attachment":[{"href":"https:\/\/indoorgreenlighting.com\/de\/wp-json\/wp\/v2\/media?parent=2648"}],"curies":[{"name":"wp","href":"https:\/\/api.w.org\/{rel}","templated":true}]}}