{"id":2646,"date":"2025-05-06T13:54:51","date_gmt":"2025-05-06T11:54:51","guid":{"rendered":"https:\/\/indoorgreenlighting.envolutions.dev\/cookie-politik\/"},"modified":"2025-06-24T13:03:59","modified_gmt":"2025-06-24T11:03:59","slug":"cookie-politik","status":"publish","type":"page","link":"https:\/\/indoorgreenlighting.com\/de\/cookie-politik\/","title":{"rendered":"Cookie-Politik"},"content":{"rendered":"\n<div class=\"gb-element-802507c5\">\n<div class=\"gb-element-362b1761\">\n<h1 class=\"gb-text h1 gb-text-8936d11b\">Cookie-Politik<\/h1>\n<\/div>\n<\/div>\n\n<div class=\"gb-element-7c8e4b37\">\n<div class=\"gb-element-9c2daffc\">\n<p>Indoor Green Lighting verwendet verschiedene Arten von Cookies (kleine Textdateien, die auf Ihrem Ger\u00e4t gespeichert werden) und \u00e4hnliche Technologien, die Daten sammeln, die f\u00fcr die Bereitstellung unserer Dienste erforderlich sind.<\/p>\n\n\n\n<p>Cookies erm\u00f6glichen es uns unter anderem, Ihre Pr\u00e4ferenzen und Einstellungen zu speichern, Betrug zu verhindern, ein Kontaktformular bereitzustellen, soziale Medien zu integrieren und zu analysieren, wie unsere Website und Online-Dienste funktionieren.<\/p>\n\n\n\n<p>Indoor Green Lighting ben\u00f6tigt keine vorherige Zustimmung von Ihnen als Besucher, um funktionale Cookies und eine begrenzte Verwendung von analytischen Cookies zu platzieren, die unter anderem f\u00fcr das Funktionieren eines Dienstes notwendig sind. Funktionale Cookies sind zum Beispiel Dateien, die verfolgen, was sich digital in einem Einkaufswagen befindet. Analytische Cookies werden u. a. verwendet, um die Besucherzahlen zu verfolgen und die Website zu verbessern. Diese Cookies haben nur geringe oder gar keine Auswirkungen auf die Privatsph\u00e4re der Besucher.   <\/p>\n\n\n\n<p>Alle anderen Cookies, wie z.B. Tracking-Cookies, werden nur verwendet, wenn Sie Indoor Green Lighting zuvor Ihre Zustimmung gegeben haben.<\/p>\n\n\n\n<p>Durch Dr\u00fccken der Schaltfl\u00e4che Weiter! erkl\u00e4ren Sie sich mit der Verwendung von Cookies und der Verarbeitung von (personenbezogenen) Daten, die mit Hilfe von Cookies gesammelt und verarbeitet werden, einverstanden.<\/p>\n\n\n\n<p>Pop-ups stellen sicher, dass die vorherige Zustimmung des Website-Besuchers eingeholt wird. Dies ist z. B. der Fall, wenn die statistischen Daten auch zur Erstellung von Besucherprofilen verwendet werden. <\/p>\n\n\n\n<p>Cookies (und andere \u00e4hnliche Techniken wie Javascript) erm\u00f6glichen es Ihnen beispielsweise, auf einer Website eingeloggt zu bleiben oder sich Standort- und Spracheinstellungen zu merken (funktional).<\/p>\n\n\n\n<p>Mit Hilfe von Cookies k\u00f6nnen Website-Besitzer auch feststellen, wie oft ihre Websites &#8211; und welche Seiten &#8211; von Besuchern besucht werden (Statistiken). Bei der Verwendung eines Like-Buttons (soziale Medien) werden beispielsweise Cookies verwendet. <\/p>\n\n\n\n<p>Cookies erm\u00f6glichen es auch, Informationen \u00fcber Ihre Nutzung mehrerer Websites zu verfolgen (Tracking-Cookie). Die Verwendung von Cookies in Bezug auf die von Indoor Green Lighting gesammelten Informationen unterliegt unserer Datenschutz- und Cookie-Richtlinie. <\/p>\n\n\n\n<p class=\"gb-text gb-text-0a16ba3f\">Weitere Informationen \u00fcber die Verarbeitung von (personenbezogenen) Daten finden Sie in unserer <a href=\"https:\/\/indoorgreenlighting.com\/de\/erklaerung-zum-datenschutz\/\">Datenschutzerkl\u00e4rung<\/a>.<\/p>\n<\/div>\n<\/div>\n","protected":false},"excerpt":{"rendered":"<p>Cookie-Politik Indoor Green Lighting verwendet verschiedene Arten von Cookies (kleine Textdateien, die auf Ihrem Ger\u00e4t gespeichert werden) und \u00e4hnliche Technologien, die Daten sammeln, die f\u00fcr die Bereitstellung unserer Dienste erforderlich sind. Cookies erm\u00f6glichen es uns unter anderem, Ihre Pr\u00e4ferenzen und Einstellungen zu speichern, Betrug zu verhindern, ein Kontaktformular bereitzustellen, soziale Medien zu integrieren und zu &#8230; <a title=\"Cookie-Politik\" class=\"read-more\" href=\"https:\/\/indoorgreenlighting.com\/de\/cookie-politik\/\" aria-label=\"Mehr Informationen \u00fcber Cookie-Politik\">Weiterlesen<\/a><\/p>\n","protected":false},"author":1,"featured_media":0,"parent":0,"menu_order":0,"comment_status":"closed","ping_status":"closed","template":"","meta":{"_acf_changed":false,"footnotes":""},"class_list":["post-2646","page","type-page","status-publish"],"acf":[],"_links":{"self":[{"href":"https:\/\/indoorgreenlighting.com\/de\/wp-json\/wp\/v2\/pages\/2646","targetHints":{"allow":["GET"]}}],"collection":[{"href":"https:\/\/indoorgreenlighting.com\/de\/wp-json\/wp\/v2\/pages"}],"about":[{"href":"https:\/\/indoorgreenlighting.com\/de\/wp-json\/wp\/v2\/types\/page"}],"author":[{"embeddable":true,"href":"https:\/\/indoorgreenlighting.com\/de\/wp-json\/wp\/v2\/users\/1"}],"replies":[{"embeddable":true,"href":"https:\/\/indoorgreenlighting.com\/de\/wp-json\/wp\/v2\/comments?post=2646"}],"version-history":[{"count":4,"href":"https:\/\/indoorgreenlighting.com\/de\/wp-json\/wp\/v2\/pages\/2646\/revisions"}],"predecessor-version":[{"id":3026,"href":"https:\/\/indoorgreenlighting.com\/de\/wp-json\/wp\/v2\/pages\/2646\/revisions\/3026"}],"wp:attachment":[{"href":"https:\/\/indoorgreenlighting.com\/de\/wp-json\/wp\/v2\/media?parent=2646"}],"curies":[{"name":"wp","href":"https:\/\/api.w.org\/{rel}","templated":true}]}}