{"id":2644,"date":"2025-05-05T14:56:18","date_gmt":"2025-05-05T12:56:18","guid":{"rendered":"https:\/\/indoorgreenlighting.envolutions.dev\/broschuere\/"},"modified":"2025-05-19T16:35:50","modified_gmt":"2025-05-19T14:35:50","slug":"broschuere","status":"publish","type":"page","link":"https:\/\/indoorgreenlighting.com\/de\/broschuere\/","title":{"rendered":"Brosch\u00fcre"},"content":{"rendered":"\n<div class=\"gb-element-a18d6025\">\n<div class=\"gb-element-1d36beee\">\n<h1 class=\"gb-text h1 gb-text-65ac33f1\">Brosch\u00fcre<\/h1>\n<\/div>\n<\/div>\n\n<div class=\"gb-element-7c8e4b37\">\n<div class=\"gb-element-9c2daffc\">\n<div class=\"wp-block-pdfjsblock-pdfjs-embed pdfjs-wrapper\"><\/div>\n\n\n\n<div class=\"gb-element-79f71f3b\">\n<a class=\"gb-text primary-btn gb-text-ad3431e8\" href=\"https:\/\/indoorgreenlighting.com\/wp-content\/plugins\/pdfjs-viewer-shortcode\/pdfjs\/web\/viewer.php?file=https:\/\/indoorgreenlighting.com\/wp-content\/uploads\/2025\/05\/IGL_digit_folder-2022_1.2.pdf&#038;attachment_id=125\" target=\"_blank\" rel=\"noopener\">Im Vollbildmodus \u00f6ffnen<\/a>\n\n\n\n<a class=\"gb-text secondary-btn gb-text-c64c4fc7\" href=\"https:\/\/indoorgreenlighting.com\/wp-content\/uploads\/2025\/05\/IGL_digit_folder-2022_1.2.pdf\" target=\"_blank\" rel=\"noopener\">Brosch\u00fcre herunterladen<\/a>\n<\/div>\n<\/div>\n<\/div>\n","protected":false},"excerpt":{"rendered":"<p>Brosch\u00fcre Im Vollbildmodus \u00f6ffnen Brosch\u00fcre herunterladen<\/p>\n","protected":false},"author":1,"featured_media":0,"parent":0,"menu_order":0,"comment_status":"closed","ping_status":"closed","template":"","meta":{"_acf_changed":false,"footnotes":""},"class_list":["post-2644","page","type-page","status-publish"],"acf":[],"_links":{"self":[{"href":"https:\/\/indoorgreenlighting.com\/de\/wp-json\/wp\/v2\/pages\/2644","targetHints":{"allow":["GET"]}}],"collection":[{"href":"https:\/\/indoorgreenlighting.com\/de\/wp-json\/wp\/v2\/pages"}],"about":[{"href":"https:\/\/indoorgreenlighting.com\/de\/wp-json\/wp\/v2\/types\/page"}],"author":[{"embeddable":true,"href":"https:\/\/indoorgreenlighting.com\/de\/wp-json\/wp\/v2\/users\/1"}],"replies":[{"embeddable":true,"href":"https:\/\/indoorgreenlighting.com\/de\/wp-json\/wp\/v2\/comments?post=2644"}],"version-history":[{"count":1,"href":"https:\/\/indoorgreenlighting.com\/de\/wp-json\/wp\/v2\/pages\/2644\/revisions"}],"predecessor-version":[{"id":2645,"href":"https:\/\/indoorgreenlighting.com\/de\/wp-json\/wp\/v2\/pages\/2644\/revisions\/2645"}],"wp:attachment":[{"href":"https:\/\/indoorgreenlighting.com\/de\/wp-json\/wp\/v2\/media?parent=2644"}],"curies":[{"name":"wp","href":"https:\/\/api.w.org\/{rel}","templated":true}]}}